{"id":1408,"date":"2023-07-16T20:50:43","date_gmt":"2023-07-16T18:50:43","guid":{"rendered":"http:\/\/neerutiselts.ee\/?page_id=1408"},"modified":"2026-04-06T16:40:15","modified_gmt":"2026-04-06T14:40:15","slug":"postitused","status":"publish","type":"page","link":"https:\/\/neerutiselts.ee\/index.php\/postitused\/","title":{"rendered":"\u00dcritused"},"content":{"rendered":"\n<p><strong>04.04.2026<\/strong><\/p>\n\n\n\n<p>Neeruti Seltsi huvireis J\u00e4nedale.<\/p>\n\n\n\n<p><strong>14.03.2026<\/strong><\/p>\n\n\n\n<p>Neeruti Seltsi majaretk Viru tn 16.<\/p>\n\n\n\n<p><strong>07.02.2026<\/strong> <\/p>\n\n\n\n<p>Neeruti Seltsi loodustoas Pargi tn 3 algusega kell 10 \u00f5pituba. Teemaks reisimuljed Gruusiast, kus viibis Marko Rauman.<\/p>\n\n\n\n<p><strong>10.01.2026<\/strong><\/p>\n\n\n\n<p>Neeruti Seltsi loodustoas Pargi tn 3 algusega kell 10 \u00f5pituba. Teemaks Ilum\u00e4e kabeli<br>lood. Lektor SA Virumaa Muuseumid vanemteadur Uno Trumm.<\/p>\n\n\n\n<p><strong>13.12.2025<\/strong>&nbsp;<\/p>\n\n\n\n<p>Neeruti Seltsi loodustoas Pargi tn 3 algusega kell 10 j\u00f5ulukoosviibimine.<\/p>\n\n\n\n<p><strong>08.11.2025<\/strong><\/p>\n\n\n\n<p>Neeruti Seltsi loodustoas Pargi tn 3 algusega kell 10 \u00f5pituba sarjast paps ja laps.<br>Kohtume perekond Porvali kahe p\u00f5lvkonna esindajaga ja kuulame nende teguderohketest<br>p\u00e4evadest.<\/p>\n\n\n\n<p><strong>23.08.2025<\/strong><\/p>\n\n\n\n<p> Neeruti Seltsi Leader-meetme 2-2 poolt rahastatava projekti huvireis P\u00f5ltsamaa<br>linna.<\/p>\n\n\n\n<p><strong>07. 06. 2025<\/strong><\/p>\n\n\n\n<p>Neeruti Seltsi majaretk endise P\u00e4ri karjam\u00f5isa juurde V\u00f5duvere k\u00fclas.<\/p>\n\n\n\n<p><strong>29.05.2025<\/strong><\/p>\n\n\n\n<p>Rahvamajas algusega <strong>kell 17<\/strong> Kadrina Kunstide Kooli kevadkontsert \u201eMuinasjutt\u201c,<br>p\u00fchendatud helilooja Alo P\u00f5ldm\u00e4e 80. juubelis\u00fcnnip\u00e4evale.<\/p>\n\n\n\n<p><strong>10.05.2025<\/strong> <\/p>\n\n\n\n<p>Neeruti Seltsi huvireis <strong>Viljandi linna<\/strong>. Toetab Leader-meede.<\/p>\n\n\n\n<p><strong>08.03.2025<\/strong><\/p>\n\n\n\n<p>Loodustoas Pargi tn 3 algusega&nbsp;<strong>kell 10<\/strong>&nbsp;\u00f5pituba, mida toetab&nbsp;<em>Leader<\/em>-meede<em>.<\/em>&nbsp;Kuulame Kadrina Keskkooli \u00f5pilaste uurimusi.<\/p>\n\n\n\n<p><strong>08.02.2025<\/strong><\/p>\n\n\n\n<p> Loodustoas Pargi tn 3 algusega kell 10 reisimuljete \u00f5pituba \u201eKatriini huvitavad reisid\u201c. Osalustasu 2 eurot.<\/p>\n\n\n\n<p><strong>11.01.2025<\/strong><\/p>\n\n\n\n<p>Loodustoas Pargi tn 3 algusega<strong> kell 10<\/strong> \u00f5pituba \u2013 toetatud Lader-meetme poolt. Kuuleme \u00f5pilasuurimust Ketlin Rebaselt &#8211; Kaubandusettev\u00f4tted Kadrina alevikus. Kauplused ja m\u00fc\u00fcgikohad. Osalustasu 2 eurot.<\/p>\n\n\n\n<p><\/p>\n\n\n\n<p><strong>16.11.2024 <\/strong><\/p>\n\n\n\n<p>Neeruti Seltsi loodustoas Pargi tn 3 algusega kell 10 \u00f5pituba sarjast&nbsp;PAPS JA LAPS.&nbsp; K\u00fclaliseks on perekond Liiv.<\/p>\n\n\n\n<p><strong>13.07.2024<\/strong> <\/p>\n\n\n\n<p>Neeruti Seltsi k\u00fclaretk. V\u00e4ljas\u00f5it kell 10 rahvamaja juurest. Autoomanikud v\u00f5tavad s\u00f5idule k\u00f5ik jalamehed-naised. See on j\u00e4tkuks t\u00e4nava- ja majaretkedele. K\u00fclastame L\u00e4sna-Loobu k\u00fclasid, kus vaatamist koduaedadest Loobu m\u00f5isani.<\/p>\n\n\n\n<p><strong>08.06.2024 <\/strong><\/p>\n\n\n\n<p>Neeruti Seltsi kutsub jalutusretkele Kadrina kalmistul. K\u00fclastatakse Kadrina<br>kultuurilukku j\u00e4lje j\u00e4tnud isikute kalme, imetletakse endisaegseid ja t\u00e4nap\u00e4evaseid hauat\u00e4hiseid,<br>loetakse huvitavaid epitaafe. Algus kell 10 kiriku ees.<\/p>\n\n\n\n<p><strong>25.05.2024 <\/strong><\/p>\n\n\n\n<p>Neeruti Seltsi jalgrattaretk. S\u00f5idusihiks on Tapa linn ja seal leiduvad ajalooliselt huvitavad paigad. V\u00e4ljas\u00f5it kell 10 rahvamaja juurest. Rattur peab kindlasti varustama end kiivri ja helkurvestiga. L\u00f5unas\u00f6\u00f6k omal kulul Tapa linnas s\u00f6\u00f6gikohas.&nbsp;Teel tehakse m\u00f5ned peatused huvitavates kohtades. Tapal n\u00e4itab linna ja r\u00e4\u00e4gib sellest Alar Teras.<\/p>\n\n\n\n<p><strong>20.04.2024 <\/strong><\/p>\n\n\n\n<p>Neeruti Selts j\u00e4tkab projekti&nbsp;<em><strong>HUVITAVAD MAJAD<\/strong><\/em>.<em> &nbsp;<\/em>Siseneme Hulja m\u00f5isahoonesse. Jalutame ka Hulja t\u00e4navail. Kohales\u00f5it oma autodega kell 10 rahvamaja juurest. S\u00f5idule saavad k\u00f5ik jalamehed-naised.<\/p>\n\n\n\n<p><strong>09.03.2024<\/strong>&nbsp;<\/p>\n\n\n\n<p>Neeruti Seltsi&nbsp;<strong><em>HUVIREIS&nbsp;<\/em>M\u00f5drikusse ja Vinni<\/strong>. V\u00e4ljas\u00f5it kell 10 rahvamaja juurest. Osalustasu 20 \u20ac sularahas (sisaldab l\u00f5unas\u00f6\u00f6ki). Eelregistreerimine 55525314 v\u00f5i&nbsp;<a rel=\"noreferrer noopener\" href=\"mailto:neerutiselts.mtu@gmail.com\" target=\"_blank\">neerutiselts.mtu@gmail.com<\/a><\/p>\n\n\n\n<p><strong>03.02.2024<\/strong> <\/p>\n\n\n\n<p>\u00f5pituba LINNUD KUI S\u00dcMBOLID, LINNUD MEIE IGAP\u00c4EVASTE KAASLASTENA loodustoas Pargi tn 3 algusega kell 10.<\/p>\n\n\n\n<p>L\u00e4\u00e4ne-Virumaa tuntud linnumees<strong> Peep Veedla<\/strong> vestleb lindude erinevatest rollidest s\u00fcmbolitena laias maailmas ning kaaslastena meie igap\u00e4evaelus. \u00dchtlasi tutvustab ta oma 2021. aastal loodud kirjastuse <strong>PESAPAIK <\/strong>linnutooteid. K\u00f5ik linnuraamatud ja -m\u00e4ngud on kohapeal \u00fclisoodsate hindadega m\u00fc\u00fcgil. Tule ise ja kutsu ka s\u00f5brad kaasa! Osalustasu 2 eurot.<\/p>\n\n\n\n<p><strong>13.01.2024 <\/strong><\/p>\n\n\n\n<p>\u00f5pituba loodustoas Pargi tn 3 algusega kell 10 \u2013 edukate \u00f5pilasuurimuste esitlus:<\/p>\n\n\n\n<p><strong>Saamuel Palu<\/strong> \u201eViimane okupatsioonieelne Kaitseliidu Peastaabi \u00fclem kolonel <strong>August Balder<\/strong>. Elu, tegevus ja perekonnalugu\u201d.<\/p>\n\n\n\n<p><strong>Kairi P\u00e4rnam\u00e4e<\/strong> \u201eElades vabana keelatud ajal. Elust n\u00f5ukogude ajal perekond <strong>Nurmsalu <\/strong>n\u00e4itel\u201d. Osalustasu 2 \u20ac. Tule ise ja kutsu ka s\u00f5brad kaasa!<\/p>\n\n\n\n<p><strong><strong>16.12.2023<\/strong><\/strong><\/p>\n\n\n\n<p>Neeruti Seltsi&nbsp;traditsiooniline&nbsp;<strong><em>J\u00d5ULUKOOSVIIBIMINE<\/em>&nbsp;<\/strong>Pargi tn 3 loodustoas algusega&nbsp;<strong>kell 10<\/strong>. Kaasa v\u00f5ta \u00fcks j\u00f5uluh\u00f5nguline m\u00e4lestus, mida teistega jagada, ning v\u00f5imaluse korral ka \u00fcks kena isevalmistatud piparkook.&nbsp;<\/p>\n\n\n\n<p><strong>11.11.2023<\/strong><\/p>\n\n\n\n<p>Neeruti Seltsi&nbsp;\u00d5PITUBA&nbsp;Pargi tn 3 loodustoas algusega kell 10. K\u00fclas on <a href=\"https:\/\/www.youtube.com\/watch?v=jzcp3sqUem4\" data-type=\"URL\" data-id=\"https:\/\/www.youtube.com\/watch?v=jzcp3sqUem4\">isa ja poeg&nbsp;Svirgsdenid<\/a>&nbsp;\u2013 filmire\u017eiss\u00f6\u00f6rid ja operaatorid. Osalustasu 2 eurot. K\u00f5ik huvilised on oodatud!<\/p>\n\n\n\n<p><strong>07.10.2023<\/strong> <\/p>\n\n\n\n<p>Neeruti Seltsi HUVIREIS Avinurme. Eelregistreerimine kuni 03.10.2023 tel 55525314. V\u00e4ljas\u00f5it rahvamaja juurest kell 10. Osalustasu 25 eurot sularahas.<\/p>\n\n\n\n<p><strong>16.09.2023<\/strong><\/p>\n\n\n\n<p><a href=\"https:\/\/www.facebook.com\/watch\/?v=368051945547893\" data-type=\"URL\" data-id=\"https:\/\/www.facebook.com\/watch\/?v=368051945547893\">P\u00e4rimuskonverents SAUN L\u00c4BI AEGADE<\/a> Kadrina rahvamajas. Algus kell 12.<br>Teemaks sauna-aasta t\u00e4histamine ja <a href=\"https:\/\/www.youtube.com\/watch?v=lqgAm9s8SGY&amp;t=7s\" data-type=\"URL\" data-id=\"https:\/\/www.youtube.com\/watch?v=lqgAm9s8SGY&amp;t=7s\">filmi Kadrina 65aastase sauna ajaloost esilinastus<\/a>.<\/p>\n\n\n\n<p><\/p>\n\n\n\n<p><strong>02.09.2023 <\/strong><\/p>\n\n\n\n<p><strong>Retk \u2013 suurt p\u00f5nevust t\u00f5otav<\/strong> \u2013 laternate (jagatakse kohapeal) valgel. V\u00e4ljas\u00f5it<br>bussiga rahvamaja juurest kell <strong>20.30<\/strong>. Kuna kohtade arv bussis 19, v\u00f5ib bussi j\u00e4rele s\u00f5ita ka<br>isikliku s\u00f5idukiga. Kestus 3-4 tundi. Riietus ning jalatsid vastaku loodusele ja ilmale. Osalustasu<br>5 eurot kohapeal sularahas. Vajalik eelregistreerimine tel 55525314 v\u00f5i meilitsi<br>neerutiselts.mtu@gmail.com hiljemalt 27.08.2023. Retke marsruut ja muudki j\u00e4\u00e4gu \u00fcllatuseks.<\/p>\n\n\n\n<p><strong>20.08.2023<\/strong> <\/p>\n\n\n\n<p>Retk Hulja-M\u00e4nniku kalmistule kell <strong>11 <\/strong>kalmistup\u00fcha teenistusele, millele j\u00e4rgneb MT\u00dc P\u00e4randihoidja, EELK Kadrina Katariina koguduse ja Neeruti Seltsi \u00fchispiknik ja kultuurilooline retk kalmistul. Kohalej\u00f5udmine isikliku transpordiga.<\/p>\n\n\n\n<p><strong>08.07.2023 <\/strong><\/p>\n\n\n\n<p>Huvireis <strong>Rakvere linnusesse<\/strong>.<\/p>\n\n\n\n<p>Eelregistreerimine tel 55525314 v\u00f5i meilitsi neerutiselts.mtu@gmail.com hiljemalt 30.06.2023. Osalustasu 20\u20ac (giiditasu, eine). Kohales\u00f5it isiklike autodega. V\u00e4ljumine rahvamaja juurest kell 10.<\/p>\n\n\n\n<p><\/p>\n\n\n\n<p><strong>10.06.2023<\/strong><\/p>\n\n\n\n<p>Neeruti Seltsi&nbsp;<strong>majaretkede<\/strong>&nbsp;sarjas <em>HUVITAVAD MAJAD<\/em>&nbsp;\u2013&nbsp;Kolu m\u00f5is.&nbsp;<\/p>\n\n\n\n<p>Tule rahvamaja juurde&nbsp;kell 10. S\u00f5idame isiklike autodega) v\u00f5i otse m\u00f5isa juurde. Kutsu ka s\u00f5brad kaasa!<\/p>\n\n\n\n<p><\/p>\n\n\n\n<p><strong>06.05.2023<\/strong><br>Neeruti Seltsi majaretked sarjas HUVITAVAD MAJAD \u2013 Vohnja m\u00f5is.<\/p>\n\n\n\n<p>Tule rahvamaja juurde kell 10 (s\u00f5idame isiklike autodega) v\u00f5i otse m\u00f5isa juurde. Kutsu ka s\u00f5brad kaasa!<\/p>\n\n\n\n<p><\/p>\n\n\n\n<p><strong>22.04.2023<\/strong><\/p>\n\n\n\n<p>Neeruti Seltsi majaretked sarjas <em>HUVITAVAD MAJAD<\/em>&nbsp;\u2013&nbsp;<strong>Undla m\u00f5is<\/strong>.&nbsp;<\/p>\n\n\n\n<p>Tule rahvamaja juurde&nbsp;<strong>kell 10<\/strong><span style=\"font-size: revert; color: initial;\">(s\u00f5idame isiklike autodega) v\u00f5i otse m\u00f5isa juurde.<\/span> Kutsu ka s\u00f5brad kaasa!<\/p>\n\n\n\n<p><\/p>\n\n\n\n<p><strong>11.03.2023<\/strong> algusega kell 10<br>Neeruti Seltsi majaretked sarjas HUVITAVAD MAJAD \u2013 <strong>vanadel aegadel meierei, kaasajal Pixneri tootmisruumid.<\/strong><\/p>\n\n\n\n<p>Tule kohale Kauba tn 27 ja kutsu ka s\u00f5brad kaasa!<\/p>\n","protected":false},"excerpt":{"rendered":"<p>04.04.2026 Neeruti Seltsi huvireis J\u00e4nedale. 14.03.2026 Neeruti Seltsi majaretk Viru tn 16. 07.02.2026 Neeruti Seltsi loodustoas Pargi tn 3 algusega kell 10 \u00f5pituba. Teemaks reisimuljed Gruusiast, kus viibis Marko Rauman. 10.01.2026 Neeruti Seltsi loodustoas Pargi tn 3 algusega kell 10 \u00f5pituba. Teemaks Ilum\u00e4e kabelilood. Lektor SA Virumaa Muuseumid vanemteadur Uno Trumm. 13.12.2025&nbsp; Neeruti Seltsi loodustoas&#8230;<\/p>\n","protected":false},"author":1,"featured_media":0,"parent":0,"menu_order":0,"comment_status":"closed","ping_status":"closed","template":"","meta":{"ngg_post_thumbnail":0,"footnotes":""},"class_list":["post-1408","page","type-page","status-publish","hentry"],"_links":{"self":[{"href":"https:\/\/neerutiselts.ee\/index.php\/wp-json\/wp\/v2\/pages\/1408","targetHints":{"allow":["GET"]}}],"collection":[{"href":"https:\/\/neerutiselts.ee\/index.php\/wp-json\/wp\/v2\/pages"}],"about":[{"href":"https:\/\/neerutiselts.ee\/index.php\/wp-json\/wp\/v2\/types\/page"}],"author":[{"embeddable":true,"href":"https:\/\/neerutiselts.ee\/index.php\/wp-json\/wp\/v2\/users\/1"}],"replies":[{"embeddable":true,"href":"https:\/\/neerutiselts.ee\/index.php\/wp-json\/wp\/v2\/comments?post=1408"}],"version-history":[{"count":43,"href":"https:\/\/neerutiselts.ee\/index.php\/wp-json\/wp\/v2\/pages\/1408\/revisions"}],"predecessor-version":[{"id":2623,"href":"https:\/\/neerutiselts.ee\/index.php\/wp-json\/wp\/v2\/pages\/1408\/revisions\/2623"}],"wp:attachment":[{"href":"https:\/\/neerutiselts.ee\/index.php\/wp-json\/wp\/v2\/media?parent=1408"}],"curies":[{"name":"wp","href":"https:\/\/api.w.org\/{rel}","templated":true}]}}