{"id":16,"date":"2019-07-16T13:46:53","date_gmt":"2019-07-16T13:46:53","guid":{"rendered":"http:\/\/neerutiselts.ee\/?page_id=16"},"modified":"2026-04-11T20:40:57","modified_gmt":"2026-04-11T18:40:57","slug":"home","status":"publish","type":"page","link":"https:\/\/neerutiselts.ee\/","title":{"rendered":"UUDISED"},"content":{"rendered":"\n<p class=\"has-text-align-center\"><strong>Neeruti Selts palub vastata <a href=\"https:\/\/forms.gle\/QiAC23R2tPz1PCF18\" data-type=\"link\" data-id=\"https:\/\/forms.gle\/QiAC23R2tPz1PCF18\">k\u00fcsitlusele<\/a>. Vastamine v\u00f5tab hinnanguliselt aega 10 minutit.<\/strong><\/p>\n\n\n\n<p><\/p>\n\n\n\n<p><strong>09.-10.05.2026 huvireis T\u00f5rva linna ja Holdre m\u00f5isas asuvasse klaverimuuseumisse.<\/strong>&nbsp;\u00d6\u00f6bimine Kivim\u00e4e Turismitalus. Toetatud&nbsp;<em>Leader<\/em>-meetme poolt. Osalustasu 20 \u20ac. V\u00e4ljas\u00f5it Kadrina rahvamaja juurest kell&nbsp;<strong>8<\/strong>. Eelregistreerimine 55525314 v\u00f5i&nbsp;<a href=\"mailto:neerutiselts.mtu@gmail.com\" target=\"_blank\" rel=\"noreferrer noopener\">neerutiselts.mtu@gmail.com<\/a><\/p>\n\n\n\n<figure class=\"wp-block-image size-large\"><img loading=\"lazy\" decoding=\"async\" width=\"1024\" height=\"683\" src=\"https:\/\/neerutiselts.ee\/wp-content\/uploads\/2026\/04\/image-1-1024x683.png\" alt=\"\" class=\"wp-image-2625\" srcset=\"https:\/\/neerutiselts.ee\/wp-content\/uploads\/2026\/04\/image-1-1024x683.png 1024w, https:\/\/neerutiselts.ee\/wp-content\/uploads\/2026\/04\/image-1-300x200.png 300w, https:\/\/neerutiselts.ee\/wp-content\/uploads\/2026\/04\/image-1-768x512.png 768w, https:\/\/neerutiselts.ee\/wp-content\/uploads\/2026\/04\/image-1-1536x1024.png 1536w, https:\/\/neerutiselts.ee\/wp-content\/uploads\/2026\/04\/image-1-600x400.png 600w, https:\/\/neerutiselts.ee\/wp-content\/uploads\/2026\/04\/image-1.png 2048w\" sizes=\"auto, (max-width: 1024px) 100vw, 1024px\" \/><\/figure>\n\n\n\n<p><strong>23.05.2026 linnulaulu kuulamise \u00f5pituba koos asjatundja Peep Veedlaga.&nbsp;<\/strong>Kogunemine Pargi 3 juures kell&nbsp;<strong>9<\/strong>. Tasuta.<\/p>\n\n\n\n<p><\/p>\n\n\n\n<figure class=\"wp-block-image size-full is-resized\"><img loading=\"lazy\" decoding=\"async\" width=\"440\" height=\"330\" src=\"https:\/\/neerutiselts.ee\/wp-content\/uploads\/2025\/03\/image-1.png\" alt=\"\" class=\"wp-image-2270\" style=\"width:840px;height:auto\" srcset=\"https:\/\/neerutiselts.ee\/wp-content\/uploads\/2025\/03\/image-1.png 440w, https:\/\/neerutiselts.ee\/wp-content\/uploads\/2025\/03\/image-1-300x225.png 300w\" sizes=\"auto, (max-width: 440px) 100vw, 440px\" \/><\/figure>\n\n\n\n<p><\/p>\n\n\n\n<p><\/p>\n\n\n\n<hr class=\"wp-block-separator has-css-opacity is-style-wide\"\/>\n\n\n\n<p><\/p>\n","protected":false},"excerpt":{"rendered":"<p>Neeruti Selts palub vastata k\u00fcsitlusele. Vastamine v\u00f5tab hinnanguliselt aega 10 minutit. 09.-10.05.2026 huvireis T\u00f5rva linna ja Holdre m\u00f5isas asuvasse klaverimuuseumisse.&nbsp;\u00d6\u00f6bimine Kivim\u00e4e Turismitalus. Toetatud&nbsp;Leader-meetme poolt. Osalustasu 20 \u20ac. V\u00e4ljas\u00f5it Kadrina rahvamaja juurest kell&nbsp;8. Eelregistreerimine 55525314 v\u00f5i&nbsp;neerutiselts.mtu@gmail.com 23.05.2026 linnulaulu kuulamise \u00f5pituba koos asjatundja Peep Veedlaga.&nbsp;Kogunemine Pargi 3 juures kell&nbsp;9. Tasuta.<\/p>\n","protected":false},"author":1,"featured_media":0,"parent":0,"menu_order":0,"comment_status":"closed","ping_status":"closed","template":"","meta":{"ngg_post_thumbnail":0,"footnotes":""},"class_list":["post-16","page","type-page","status-publish","hentry"],"_links":{"self":[{"href":"https:\/\/neerutiselts.ee\/index.php\/wp-json\/wp\/v2\/pages\/16","targetHints":{"allow":["GET"]}}],"collection":[{"href":"https:\/\/neerutiselts.ee\/index.php\/wp-json\/wp\/v2\/pages"}],"about":[{"href":"https:\/\/neerutiselts.ee\/index.php\/wp-json\/wp\/v2\/types\/page"}],"author":[{"embeddable":true,"href":"https:\/\/neerutiselts.ee\/index.php\/wp-json\/wp\/v2\/users\/1"}],"replies":[{"embeddable":true,"href":"https:\/\/neerutiselts.ee\/index.php\/wp-json\/wp\/v2\/comments?post=16"}],"version-history":[{"count":207,"href":"https:\/\/neerutiselts.ee\/index.php\/wp-json\/wp\/v2\/pages\/16\/revisions"}],"predecessor-version":[{"id":2630,"href":"https:\/\/neerutiselts.ee\/index.php\/wp-json\/wp\/v2\/pages\/16\/revisions\/2630"}],"wp:attachment":[{"href":"https:\/\/neerutiselts.ee\/index.php\/wp-json\/wp\/v2\/media?parent=16"}],"curies":[{"name":"wp","href":"https:\/\/api.w.org\/{rel}","templated":true}]}}