{"id":2133,"date":"2025-01-22T21:46:27","date_gmt":"2025-01-22T19:46:27","guid":{"rendered":"https:\/\/neerutiselts.ee\/?page_id=2133"},"modified":"2025-03-02T21:44:05","modified_gmt":"2025-03-02T19:44:05","slug":"opilasuurimused","status":"publish","type":"page","link":"https:\/\/neerutiselts.ee\/index.php\/opilasuurimused\/","title":{"rendered":"\u00d5pilasuurimused"},"content":{"rendered":"\n<p><\/p>\n\n\n\n<figure class=\"wp-block-table is-style-stripes\"><table class=\"has-black-color has-electric-grass-gradient-background has-text-color has-background\"><tbody><tr><td class=\"has-text-align-center\" data-align=\"center\">Autor<\/td><td class=\"has-text-align-center\" data-align=\"center\">Pealkiri<\/td><td class=\"has-text-align-center\" data-align=\"center\">Juhendaja<\/td><td class=\"has-text-align-center\" data-align=\"center\">Aasta<\/td><\/tr><tr><td class=\"has-text-align-center\" data-align=\"center\">Gert Ruuto<\/td><td class=\"has-text-align-center\" data-align=\"center\"><a href=\"https:\/\/neerutiselts.ee\/wp-content\/uploads\/2025\/01\/Koolibandide-ajaloost-Kadrina-Keskkoolis.pdf\">Koolib\u00e4ndide ajaloost Kadrina Keskkoolis<\/a><\/td><td class=\"has-text-align-center\" data-align=\"center\">Evelin Tiiter<\/td><td class=\"has-text-align-center\" data-align=\"center\">2023\/2024<\/td><\/tr><tr><td class=\"has-text-align-center\" data-align=\"center\">Ketlin Rebane<\/td><td class=\"has-text-align-center\" data-align=\"center\"><a href=\"https:\/\/neerutiselts.ee\/wp-content\/uploads\/2025\/01\/Kaubandusettevotted-Kadrina-alevikus.pdf\">Kaubandusettev\u00f5tted Kadrina alevikus<\/a><\/td><td class=\"has-text-align-center\" data-align=\"center\">Evelin Tiiter<\/td><td class=\"has-text-align-center\" data-align=\"center\">2023\/2024<\/td><\/tr><tr><td class=\"has-text-align-center\" data-align=\"center\">Eleri-Lea Elven<\/td><td class=\"has-text-align-center\" data-align=\"center\"><a href=\"https:\/\/neerutiselts.ee\/wp-content\/uploads\/2025\/01\/Vesi-ja-tuuleveskid-Kadrina-kihelkonna-territooriumil.pdf\" data-type=\"URL\" data-id=\"https:\/\/neerutiselts.ee\/wp-content\/uploads\/2025\/01\/Vesi-ja-tuuleveskid-Kadrina-kihelkonna-territooriumil.pdf\">Vesi- ja tuuleveskid Kadrina kihelkonna territooriumil<\/a><\/td><td class=\"has-text-align-center\" data-align=\"center\">Evelin Tiiter<\/td><td class=\"has-text-align-center\" data-align=\"center\">2021<\/td><\/tr><tr><td class=\"has-text-align-center\" data-align=\"center\">Laura Pruul<\/td><td class=\"has-text-align-center\" data-align=\"center\"><a href=\"http:\/\/neerutiselts.ee\/wp-content\/uploads\/2025\/01\/Kadrina-kooliopilaste-toimetatud-ajalehed-1911-1921-ja-1996-2002.pdf\" data-type=\"URL\" data-id=\"http:\/\/neerutiselts.ee\/wp-content\/uploads\/2025\/01\/Kadrina-kooliopilaste-toimetatud-ajalehed-1911-1921-ja-1996-2002.pdf\">Kadrina kooli\u00f5pilaste toimetatud ajalehed 1911-1921 ja 1996-2002<\/a><\/td><td class=\"has-text-align-center\" data-align=\"center\">Evelin Tiiter<\/td><td class=\"has-text-align-center\" data-align=\"center\">2020<\/td><\/tr><tr><td class=\"has-text-align-center\" data-align=\"center\">Luise Grethen Nirgi<\/td><td class=\"has-text-align-center\" data-align=\"center\"><a href=\"https:\/\/neerutiselts.ee\/wp-content\/uploads\/2025\/01\/Elumaja-Sootaguse-maauksusel.pdf\" data-type=\"URL\" data-id=\"https:\/\/neerutiselts.ee\/wp-content\/uploads\/2025\/01\/Elumaja-Sootaguse-maauksusel.pdf\">Elumaja Sootaguse maa\u00fcksusel<\/a><\/td><td class=\"has-text-align-center\" data-align=\"center\">Evelin Tiiter<\/td><td class=\"has-text-align-center\" data-align=\"center\">2020<\/td><\/tr><tr><td class=\"has-text-align-center\" data-align=\"center\">Joosep Sulev<\/td><td class=\"has-text-align-center\" data-align=\"center\"><a href=\"https:\/\/neerutiselts.ee\/wp-content\/uploads\/2025\/01\/Kadrina-kooliopilaste-vastupanu-Noukogude-voimule-aastatel-1948%E2%88%921953.pdf\">Kadrina kooli\u00f5pilaste vastupanu N\u00f5ukogude v\u00f5imule aastatel 1948\u22121953<\/a><\/td><td class=\"has-text-align-center\" data-align=\"center\">Evelin Tiiter<\/td><td class=\"has-text-align-center\" data-align=\"center\">2019<\/td><\/tr><tr><td class=\"has-text-align-center\" data-align=\"center\">Khirsten Terese Murum\u00e4gi<\/td><td class=\"has-text-align-center\" data-align=\"center\"><a href=\"https:\/\/neerutiselts.ee\/wp-content\/uploads\/2025\/01\/Malestusi-Vainupea-suvilast.pdf\">M\u00e4lestusi Vainupea suvilast<\/a><\/td><td class=\"has-text-align-center\" data-align=\"center\">Evelin Tiiter<\/td><td class=\"has-text-align-center\" data-align=\"center\">2019<\/td><\/tr><tr><td class=\"has-text-align-center\" data-align=\"center\">Maria M\u00e4e<\/td><td class=\"has-text-align-center\" data-align=\"center\"><a href=\"https:\/\/neerutiselts.ee\/wp-content\/uploads\/2025\/01\/Kadrina-kujunemisest-alevikuks-20.-sajandi-esimesel-poolel.pdf\" data-type=\"URL\" data-id=\"https:\/\/neerutiselts.ee\/wp-content\/uploads\/2025\/01\/Kadrina-kujunemisest-alevikuks-20.-sajandi-esimesel-poolel.pdf\">Kadrina kujunemisest alevikuks 20. sajandi esimesel poolel<\/a><\/td><td class=\"has-text-align-center\" data-align=\"center\">Evelin Tiiter<\/td><td class=\"has-text-align-center\" data-align=\"center\">2019<\/td><\/tr><tr><td class=\"has-text-align-center\" data-align=\"center\">Karmi Pikkma<\/td><td class=\"has-text-align-center\" data-align=\"center\"><a href=\"https:\/\/neerutiselts.ee\/wp-content\/uploads\/2025\/01\/Katkeid-Kihlevere-moisa-harrastemaja-200-aastasest-ajaloost.pdf\">Katkeid Kihlevere m\u00f5isa h\u00e4rrastemaja 200-aastasest ajaloost<\/a><\/td><td class=\"has-text-align-center\" data-align=\"center\">Evelin Tiiter<\/td><td class=\"has-text-align-center\" data-align=\"center\">2018<\/td><\/tr><tr><td class=\"has-text-align-center\" data-align=\"center\">Anett Altm\u00e4e<\/td><td class=\"has-text-align-center\" data-align=\"center\"><a href=\"https:\/\/neerutiselts.ee\/wp-content\/uploads\/2025\/01\/Kiriku-ja-raudteejaama-vahel.pdf\">Kiriku ja raudteejaama vahel<\/a><\/td><td class=\"has-text-align-center\" data-align=\"center\">Evelin Tiiter<\/td><td class=\"has-text-align-center\" data-align=\"center\">2017\/2018<\/td><\/tr><tr><td class=\"has-text-align-center\" data-align=\"center\">Kevin J\u00f5giste<\/td><td class=\"has-text-align-center\" data-align=\"center\"><a href=\"http:\/\/neerutiselts.ee\/wp-content\/uploads\/2025\/01\/Kadrina-kihelkonna-kortsidest-19.-sajandi-teisest-poolest-20.-sajandi-alguseni.pdf\" data-type=\"URL\" data-id=\"http:\/\/neerutiselts.ee\/wp-content\/uploads\/2025\/01\/Kadrina-kihelkonna-kortsidest-19.-sajandi-teisest-poolest-20.-sajandi-alguseni.pdf\">Kadrina kihelkonna k\u00f5rtsidest 19. sajandi teisest poolest 20. sajandi alguseni<\/a><\/td><td class=\"has-text-align-center\" data-align=\"center\">Evelin Tiiter<\/td><td class=\"has-text-align-center\" data-align=\"center\">2017\/2018<\/td><\/tr><tr><td class=\"has-text-align-center\" data-align=\"center\">Siim Umerov<\/td><td class=\"has-text-align-center\" data-align=\"center\"><a href=\"http:\/\/neerutiselts.ee\/wp-content\/uploads\/2025\/01\/Emakeeleausammas-Kadrinas_film.pdf\">Emakeeleausammas Kadrinas<\/a><\/td><td class=\"has-text-align-center\" data-align=\"center\">Harry Laiv<\/td><td class=\"has-text-align-center\" data-align=\"center\">2016<\/td><\/tr><tr><td class=\"has-text-align-center\" data-align=\"center\">Leanika Vetka<\/td><td class=\"has-text-align-center\" data-align=\"center\"><a href=\"http:\/\/neerutiselts.ee\/wp-content\/uploads\/2025\/01\/Kadunud-Todva-Konnu-moisa-otsimas.pdf\">Kadunud T\u00f5dva-K\u00f5nnu m\u00f5isa otsimas<\/a><\/td><td class=\"has-text-align-center\" data-align=\"center\">Evelin Tiiter<\/td><td class=\"has-text-align-center\" data-align=\"center\">2015<\/td><\/tr><tr><td class=\"has-text-align-center\" data-align=\"center\">Heivo Reinek<\/td><td class=\"has-text-align-center\" data-align=\"center\"><a href=\"https:\/\/neerutiselts.ee\/wp-content\/uploads\/2025\/01\/Moisamajanduse-ajaloost-Eesti-territooriumil.-Neeruti-moisa-naitel.pdf\">M\u00f5isamajanduse ajaloost Eesti territooriumil Neeruti m\u00f5isa n\u00e4itel<\/a><\/td><td class=\"has-text-align-center\" data-align=\"center\">Evelin Tiiter<\/td><td class=\"has-text-align-center\" data-align=\"center\">2013\/2014<\/td><\/tr><tr><td class=\"has-text-align-center\" data-align=\"center\">Tuuli-Maria Vill<\/td><td class=\"has-text-align-center\" data-align=\"center\"><a href=\"https:\/\/neerutiselts.ee\/wp-content\/uploads\/2025\/01\/Uhe-kadunud-kolhoosi-lugu.pdf\">\u00dche kadunud kolhoosi lugu<\/a><\/td><td class=\"has-text-align-center\" data-align=\"center\">Evelin Tiiter<\/td><td class=\"has-text-align-center\" data-align=\"center\">2013\/2014<\/td><\/tr><tr><td class=\"has-text-align-center\" data-align=\"center\">Karl-Martin Peri<\/td><td class=\"has-text-align-center\" data-align=\"center\"><a href=\"https:\/\/neerutiselts.ee\/wp-content\/uploads\/2025\/03\/Karl-Martin_Peri-uurimus.pdf\" data-type=\"link\" data-id=\"https:\/\/neerutiselts.ee\/wp-content\/uploads\/2025\/03\/Karl-Martin_Peri-uurimus.pdf\">Heinrich Kruusvaldi elu ja tegevused<\/a><\/td><td class=\"has-text-align-center\" data-align=\"center\">Merike Lillem\u00e4gi, Tiiu Uusk\u00fcla<\/td><td class=\"has-text-align-center\" data-align=\"center\">2013<\/td><\/tr><tr><td class=\"has-text-align-center\" data-align=\"center\">Helemai Valge<\/td><td class=\"has-text-align-center\" data-align=\"center\"><a href=\"http:\/\/neerutiselts.ee\/wp-content\/uploads\/2025\/01\/HULJA-MOISA-VAIKNE-HAABUMINE.pdf\">Hulja m\u00f5isa vaikne h\u00e4\u00e4bumine<\/a><\/td><td class=\"has-text-align-center\" data-align=\"center\">Evelin Tiiter<\/td><td class=\"has-text-align-center\" data-align=\"center\">2012\/2013<\/td><\/tr><tr><td class=\"has-text-align-center\" data-align=\"center\">Lisete Laisaar<\/td><td class=\"has-text-align-center\" data-align=\"center\"><a href=\"http:\/\/neerutiselts.ee\/wp-content\/uploads\/2025\/01\/Arbavere-ja-Loobu-puidust-moisad.pdf\">Arbavere ja Loobu puidust m\u00f5isad<\/a><\/td><td class=\"has-text-align-center\" data-align=\"center\">Evelin Tiiter<\/td><td class=\"has-text-align-center\" data-align=\"center\">2012\/2013<\/td><\/tr><\/tbody><\/table><\/figure>\n","protected":false},"excerpt":{"rendered":"<p>Autor Pealkiri Juhendaja Aasta Gert Ruuto Koolib\u00e4ndide ajaloost Kadrina Keskkoolis Evelin Tiiter 2023\/2024 Ketlin Rebane Kaubandusettev\u00f5tted Kadrina alevikus Evelin Tiiter 2023\/2024 Eleri-Lea Elven Vesi- ja tuuleveskid Kadrina kihelkonna territooriumil Evelin Tiiter 2021 Laura Pruul Kadrina kooli\u00f5pilaste toimetatud ajalehed 1911-1921 ja 1996-2002 Evelin Tiiter 2020 Luise Grethen Nirgi Elumaja Sootaguse maa\u00fcksusel Evelin Tiiter 2020 Joosep Sulev&#8230;<\/p>\n","protected":false},"author":1,"featured_media":0,"parent":0,"menu_order":0,"comment_status":"closed","ping_status":"closed","template":"","meta":{"ngg_post_thumbnail":0,"footnotes":""},"class_list":["post-2133","page","type-page","status-publish","hentry"],"_links":{"self":[{"href":"https:\/\/neerutiselts.ee\/index.php\/wp-json\/wp\/v2\/pages\/2133","targetHints":{"allow":["GET"]}}],"collection":[{"href":"https:\/\/neerutiselts.ee\/index.php\/wp-json\/wp\/v2\/pages"}],"about":[{"href":"https:\/\/neerutiselts.ee\/index.php\/wp-json\/wp\/v2\/types\/page"}],"author":[{"embeddable":true,"href":"https:\/\/neerutiselts.ee\/index.php\/wp-json\/wp\/v2\/users\/1"}],"replies":[{"embeddable":true,"href":"https:\/\/neerutiselts.ee\/index.php\/wp-json\/wp\/v2\/comments?post=2133"}],"version-history":[{"count":7,"href":"https:\/\/neerutiselts.ee\/index.php\/wp-json\/wp\/v2\/pages\/2133\/revisions"}],"predecessor-version":[{"id":2200,"href":"https:\/\/neerutiselts.ee\/index.php\/wp-json\/wp\/v2\/pages\/2133\/revisions\/2200"}],"wp:attachment":[{"href":"https:\/\/neerutiselts.ee\/index.php\/wp-json\/wp\/v2\/media?parent=2133"}],"curies":[{"name":"wp","href":"https:\/\/api.w.org\/{rel}","templated":true}]}}