{"id":2336,"date":"2025-04-06T15:12:15","date_gmt":"2025-04-06T13:12:15","guid":{"rendered":"https:\/\/neerutiselts.ee\/?page_id=2336"},"modified":"2026-05-11T15:33:00","modified_gmt":"2026-05-11T13:33:00","slug":"neeruti-seltsi-taskuhaaling","status":"publish","type":"page","link":"https:\/\/neerutiselts.ee\/index.php\/neeruti-seltsi-taskuhaaling\/","title":{"rendered":"Neeruti Seltsi Taskuh\u00e4\u00e4ling"},"content":{"rendered":"\n<p>Neeruti Seltsi Taskuh\u00e4\u00e4ling sai alguse Kadrina valla 33. aastap\u00e4eval, 9. aprillil 2025. Idee tekkis jaanuaris 2025 ning vahepealsel ajal pandi kokku plaan taskuh\u00e4\u00e4lingu esimese hooaja asjus. Taskuh\u00e4\u00e4lingu saateid on v\u00f5imalik kuulata <a href=\"https:\/\/www.youtube.com\/@NeerutiSeltsiTaskuh%C3%A4%C3%A4ling\" data-type=\"link\" data-id=\"https:\/\/www.youtube.com\/@NeerutiSeltsiTaskuh%C3%A4%C3%A4ling\">Youtube<\/a>&#8217;is ja <a href=\"https:\/\/open.spotify.com\/playlist\/34NtMA2g1Ff65BAMNEU1vi?si=mq40DVMiSi2myAptm2_0Gg\" data-type=\"link\" data-id=\"https:\/\/open.spotify.com\/playlist\/34NtMA2g1Ff65BAMNEU1vi?si=mq40DVMiSi2myAptm2_0Gg\">Spotify&#8217;s<\/a>. Taskuh\u00e4\u00e4lingul on ka <a href=\"https:\/\/www.facebook.com\/profile.php?id=61574936731746\" data-type=\"link\" data-id=\"https:\/\/www.facebook.com\/profile.php?id=61574936731746\">Facebook<\/a>&#8217;i leht. Soovi korral saab anda ka tagasisidet ning pakkuda v\u00e4lja <a href=\"https:\/\/forms.gle\/hd7riB7Xq44tzMs19\" data-type=\"link\" data-id=\"https:\/\/forms.gle\/hd7riB7Xq44tzMs19\">vestluskaaslasi<\/a>.<\/p>\n\n\n\n<p class=\"has-text-align-center\"><strong>Neeruti Seltsi Taskuh\u00e4\u00e4lingu teine hooaeg (2026)<\/strong><\/p>\n\n\n\n<p>28. osa: <strong>Signe Ojasalu<\/strong>. (13. 05. 2026) (Spotify)<\/p>\n\n\n\n<p>27. osa: <a href=\"https:\/\/www.youtube.com\/watch?v=ByUrFSLQElk&amp;t=8s\" data-type=\"link\" data-id=\"https:\/\/www.youtube.com\/watch?v=ByUrFSLQElk&amp;t=8s\"><strong>Artur Viru<\/strong>. 40 aastat T\u0161ornob\u00f5li katastroofist.<\/a> (29. 04. 2026) (<a href=\"https:\/\/open.spotify.com\/episode\/6LKaEA8TiUsGnR1fcT3hwN?si=bb137c186aa04cd3\" data-type=\"link\" data-id=\"https:\/\/open.spotify.com\/episode\/6LKaEA8TiUsGnR1fcT3hwN?si=bb137c186aa04cd3\">Spotify<\/a>)<\/p>\n\n\n\n<p>26. osa: <a href=\"https:\/\/www.youtube.com\/watch?v=OS_3XyyCBb8&amp;t=1973s\" data-type=\"link\" data-id=\"https:\/\/www.youtube.com\/watch?v=OS_3XyyCBb8&amp;t=1973s\"><strong>Reio Opromei<\/strong>. Kooliraadiost, koroonast ja kuldmedalist.<\/a> (15. 04. 2026) (<a href=\"https:\/\/open.spotify.com\/episode\/0bw4MYwRGvqXx2oFCL9hqN?si=c11ce1f56b0c424c\" data-type=\"link\" data-id=\"https:\/\/open.spotify.com\/episode\/0bw4MYwRGvqXx2oFCL9hqN?si=c11ce1f56b0c424c\">Spotify<\/a>)<\/p>\n\n\n\n<p>25. osa: <a href=\"https:\/\/www.youtube.com\/watch?v=ihrC-jAPXM0&amp;t=3230s\" data-type=\"link\" data-id=\"https:\/\/www.youtube.com\/watch?v=ihrC-jAPXM0&amp;t=3230s\"><strong>Kadi Kalmus<\/strong>. Vanalinna p\u00e4evadest, erinoorsoot\u00f6\u00f6st ja kultuurist.<\/a> (01. 04. 2026) (<a href=\"https:\/\/open.spotify.com\/episode\/3E3HZ5L8gMm96QpsMOxD9D?si=29ef8d4d57f34a8d\" data-type=\"link\" data-id=\"https:\/\/open.spotify.com\/episode\/3E3HZ5L8gMm96QpsMOxD9D?si=29ef8d4d57f34a8d\">Spotify<\/a>)<\/p>\n\n\n\n<p>24. osa: <a href=\"https:\/\/www.youtube.com\/watch?v=oqk-nwKCoWU&amp;t=1179s\" data-type=\"link\" data-id=\"https:\/\/www.youtube.com\/watch?v=oqk-nwKCoWU&amp;t=1179s\"><strong>Holger Bremen<\/strong>. Parim paik CADrina korraldamiseks ongi Kadrinas.<\/a> (18. 03. 2026) (<a href=\"https:\/\/open.spotify.com\/episode\/6wlm6cHwZri6mAf9sjs2vs?si=d72d039d0703468e\" data-type=\"link\" data-id=\"https:\/\/open.spotify.com\/episode\/6wlm6cHwZri6mAf9sjs2vs?si=d72d039d0703468e\">Spotify<\/a>)<\/p>\n\n\n\n<p>23. osa: <a href=\"https:\/\/www.youtube.com\/watch?v=k3LE7fky2S4\" data-type=\"link\" data-id=\"https:\/\/www.youtube.com\/watch?v=k3LE7fky2S4\"><strong>Kati Raudla<\/strong>. K\u00fcla elab kuni elad sina.<\/a> (04. 03. 2026) (<a href=\"https:\/\/open.spotify.com\/episode\/1BWgbENC9l5E8KuzifyFBY?si=2jTE4KRERl-60zFY7HJR0g\" data-type=\"link\" data-id=\"https:\/\/open.spotify.com\/episode\/1BWgbENC9l5E8KuzifyFBY?si=2jTE4KRERl-60zFY7HJR0g\">Spotify<\/a>)<\/p>\n\n\n\n<p>22. osa: <a href=\"https:\/\/www.youtube.com\/watch?v=pryLRooHpCk&amp;t=3627s\" data-type=\"link\" data-id=\"https:\/\/www.youtube.com\/watch?v=pryLRooHpCk&amp;t=3627s\"><strong>Jaanus Reisner<\/strong>. Laulva revolutsiooni p\u00f5lvkond.<\/a> (18. 02. 2026) (<a href=\"https:\/\/open.spotify.com\/episode\/3neHSMlzWyAqpZ57WFMyp5?si=44464fa395f44adc\" data-type=\"link\" data-id=\"https:\/\/open.spotify.com\/episode\/3neHSMlzWyAqpZ57WFMyp5?si=44464fa395f44adc\">Spotify<\/a>)<\/p>\n\n\n\n<p>21. osa: <a href=\"https:\/\/www.youtube.com\/watch?v=9I7L9ZB3eZY&amp;t=1s\" data-type=\"link\" data-id=\"https:\/\/www.youtube.com\/watch?v=9I7L9ZB3eZY&amp;t=1s\"><strong>\u00dclo Kais<\/strong>. Pastoripojast Kadrina Saunaklubi presidendiks.<\/a> (04. 02. 2026) (<a href=\"https:\/\/open.spotify.com\/episode\/5ldMqAIOIlbfDGIDfThGFT?si=AAj0xexkT4yPKkquUIbfqA\" data-type=\"link\" data-id=\"https:\/\/open.spotify.com\/episode\/5ldMqAIOIlbfDGIDfThGFT?si=AAj0xexkT4yPKkquUIbfqA\">Spotify<\/a>)<\/p>\n\n\n\n<p class=\"has-text-align-center\"><strong>Neeruti Seltsi Taskuh\u00e4\u00e4lingu esimene hooaeg (2025)<\/strong><\/p>\n\n\n\n<p>20. osa: <a href=\"https:\/\/youtu.be\/rDWmFjIpcS4\" data-type=\"link\" data-id=\"https:\/\/youtu.be\/rDWmFjIpcS4\"><strong>Sigrit Peets<\/strong>. Kihnu kunstilaagrist metsavahi lennukiga koju.<\/a> (31. 12. 2025) (<a href=\"https:\/\/open.spotify.com\/episode\/2h5VmIwDR2SebUGLT76trh?si=CADHsjciRyueu2Icrt7zxg\" data-type=\"link\" data-id=\"https:\/\/open.spotify.com\/episode\/2h5VmIwDR2SebUGLT76trh?si=CADHsjciRyueu2Icrt7zxg\">Spotify<\/a>)<\/p>\n\n\n\n<p>19. osa: <a href=\"https:\/\/www.youtube.com\/watch?v=ExtCk03hMKc&amp;t=1689s\" data-type=\"link\" data-id=\"https:\/\/www.youtube.com\/watch?v=ExtCk03hMKc&amp;t=1689s\"><strong>Hilja Hallaste<\/strong>. Vaikne j\u00f5ud suurte muutuste keskel.<\/a> (17. 12. 2025) (<a href=\"https:\/\/open.spotify.com\/episode\/0xwgOatpwYP8QYaBoMjUEh?si=efc12f575ef643fb\" data-type=\"link\" data-id=\"https:\/\/open.spotify.com\/episode\/0xwgOatpwYP8QYaBoMjUEh?si=efc12f575ef643fb\">Spotify<\/a>)<\/p>\n\n\n\n<p>18. osa: <a href=\"https:\/\/www.youtube.com\/watch?v=hLHmqvO7bFA&amp;t=2767s\" data-type=\"link\" data-id=\"https:\/\/www.youtube.com\/watch?v=hLHmqvO7bFA&amp;t=2767s\"><strong>Raido Parve. <\/strong>Ringreis lasteaia ja \u00fclikooli vahel.<\/a> (03. 12. 2025) (<a href=\"https:\/\/open.spotify.com\/episode\/23EkznOBaZJVXx0qPB4wWQ?si=V6vWFSPXSHiRCEYJhK4-jw\" data-type=\"link\" data-id=\"https:\/\/open.spotify.com\/episode\/23EkznOBaZJVXx0qPB4wWQ?si=V6vWFSPXSHiRCEYJhK4-jw\">Spotify<\/a>)<\/p>\n\n\n\n<p>17. osa: <a href=\"https:\/\/www.youtube.com\/watch?v=vANecExG6uk&amp;t=1031s\" data-type=\"link\" data-id=\"https:\/\/www.youtube.com\/watch?v=vANecExG6uk&amp;t=1031s\"><strong>Harald Eduard Rahup\u00f5ld<\/strong>. Kadrina Rahvamajast ning P\u00f5hja-Koreast.<\/a> (19. 11. 2025) (<a href=\"https:\/\/open.spotify.com\/episode\/2qZhFXqlvPJbmI8Z4ujZSS?si=KjxbEDfZR3-xxPbxpFOdvQ\" data-type=\"link\" data-id=\"https:\/\/open.spotify.com\/episode\/2qZhFXqlvPJbmI8Z4ujZSS?si=KjxbEDfZR3-xxPbxpFOdvQ\">Spotify<\/a>)<\/p>\n\n\n\n<p>16. osa: <a href=\"https:\/\/www.youtube.com\/watch?v=u6t0Z7C5Yxc&amp;t=7s\" data-type=\"link\" data-id=\"https:\/\/www.youtube.com\/watch?v=u6t0Z7C5Yxc&amp;t=7s\"><strong>Kalev Kukk<\/strong>. Otto Strandman 150<\/a> (05. 11. 2025) (<a href=\"https:\/\/open.spotify.com\/episode\/0LcAwsb3sV5xgqfXX4HVTB?si=ENrYfonfQsCgriEfGuPNpA\" data-type=\"link\" data-id=\"https:\/\/open.spotify.com\/episode\/0LcAwsb3sV5xgqfXX4HVTB?si=ENrYfonfQsCgriEfGuPNpA\">Spotify<\/a>)<\/p>\n\n\n\n<p>15. osa: <a href=\"https:\/\/www.youtube.com\/watch?v=EhRXGrW6GoE&amp;t=1974s\" data-type=\"link\" data-id=\"https:\/\/www.youtube.com\/watch?v=EhRXGrW6GoE&amp;t=1974s\">Omaaegne Kadrina Keskkooli pedagoog <strong>Helgi Sihver<\/strong><\/a> (22. 10. 2025) (<a href=\"https:\/\/open.spotify.com\/episode\/7IVIZAGsWySit615F4TK2a?si=39faa520db8b486e\" data-type=\"link\" data-id=\"https:\/\/open.spotify.com\/episode\/7IVIZAGsWySit615F4TK2a?si=39faa520db8b486e\">Spotify<\/a>)<\/p>\n\n\n\n<p>14. osa: <a href=\"https:\/\/www.youtube.com\/watch?v=s3NEA_RSdHw\" data-type=\"link\" data-id=\"https:\/\/www.youtube.com\/watch?v=s3NEA_RSdHw\"><strong>Merike Sikk<\/strong> avab noortele uksi laia maailma<\/a> (08. 10. 2025) (<a href=\"https:\/\/open.spotify.com\/episode\/3g3wTfrQB13gj1c9FGoDsY?si=b0d3e82a91634906\" data-type=\"link\" data-id=\"https:\/\/open.spotify.com\/episode\/3g3wTfrQB13gj1c9FGoDsY?si=b0d3e82a91634906\">Spotify<\/a>)<\/p>\n\n\n\n<p>13. osa: <a href=\"https:\/\/www.youtube.com\/watch?v=G0QaLRMpxmo&amp;t=2395s\" data-type=\"link\" data-id=\"https:\/\/www.youtube.com\/watch?v=G0QaLRMpxmo&amp;t=2395s\">Endine eriv\u00e4elane <strong>Robert K\u00e4sper<\/strong><\/a> (24. 09. 2025) (<a href=\"https:\/\/open.spotify.com\/episode\/6flkhXywgwyUpKjB1Wt397?si=15fe81ee59cf43b7\" data-type=\"link\" data-id=\"https:\/\/open.spotify.com\/episode\/6flkhXywgwyUpKjB1Wt397?si=15fe81ee59cf43b7\">Spotify<\/a>)<\/p>\n\n\n\n<p>12. osa: <a href=\"https:\/\/www.youtube.com\/watch?v=T4f3fyrAzKI\" data-type=\"link\" data-id=\"https:\/\/www.youtube.com\/watch?v=T4f3fyrAzKI\"><strong>Tiiu Uusk\u00fcla<\/strong> t\u00e4navusest p\u00e4rimuskonverentsist<\/a> (10. 09. 2025) (<a href=\"https:\/\/open.spotify.com\/episode\/3mJGApZGWmFvsme0sM5xGV?si=13de160020884780\" data-type=\"link\" data-id=\"https:\/\/open.spotify.com\/episode\/3mJGApZGWmFvsme0sM5xGV?si=13de160020884780\">Spotify<\/a>)<\/p>\n\n\n\n<p>11. osa: <a href=\"https:\/\/www.youtube.com\/watch?v=pAaA0yYJvX8\" data-type=\"link\" data-id=\"https:\/\/www.youtube.com\/watch?v=pAaA0yYJvX8\"><strong>Arvo Pani<\/strong>. Amer ikka \u00fctles, et Kadrinas on liidu parim kool.<\/a> (27. 08. 2025) (<a href=\"https:\/\/open.spotify.com\/episode\/5SOhDhaF78nOOdDcLCf3gq?si=8410c48c33fa48c3\" data-type=\"link\" data-id=\"https:\/\/open.spotify.com\/episode\/5SOhDhaF78nOOdDcLCf3gq?si=8410c48c33fa48c3\">Spotify<\/a>)<\/p>\n\n\n\n<p>10. osa: <a href=\"https:\/\/youtu.be\/8t7_nCRnlIo\" data-type=\"link\" data-id=\"https:\/\/youtu.be\/8t7_nCRnlIo\">Omaaegne legendaarne rahvatantsu\u00f5petaja <strong>Ivi Lehtmets<\/strong><\/a> (13. 08. 2025) (<a href=\"https:\/\/open.spotify.com\/episode\/5quBcseEInWyY9SkUKfOtY?si=a4982edd2609446b\" data-type=\"link\" data-id=\"https:\/\/open.spotify.com\/episode\/5quBcseEInWyY9SkUKfOtY?si=a4982edd2609446b\">Spotify<\/a>)<\/p>\n\n\n\n<p>9. osa: <a href=\"https:\/\/www.youtube.com\/watch?v=2PwCvTC7k1c\" data-type=\"link\" data-id=\"https:\/\/www.youtube.com\/watch?v=2PwCvTC7k1c\"><strong>P\u00e4rtel Soosalu<\/strong> kogukonnapoest-kohvikust Wiru16<\/a> (30. 07. 2025) (<a href=\"https:\/\/open.spotify.com\/episode\/3HvTkegTdH1kwFN0WJD67u?si=d0a6b44706db410e\" data-type=\"link\" data-id=\"https:\/\/open.spotify.com\/episode\/3HvTkegTdH1kwFN0WJD67u?si=d0a6b44706db410e\">Spotify<\/a>)<\/p>\n\n\n\n<p>8. osa: <a href=\"https:\/\/www.youtube.com\/watch?v=FRQopdGaAbY\" data-type=\"link\" data-id=\"https:\/\/www.youtube.com\/watch?v=FRQopdGaAbY\"><strong>Arlet Palmiste<\/strong> s\u00fcdamlikust kom\u00f6\u00f6diast ,,Teemaja paks&#8221;<\/a> (16. 07. 2025) (<a href=\"https:\/\/open.spotify.com\/episode\/2NaYcCmsA3EuAIcrUIsOjb?si=f2dedbdfed684ded\" data-type=\"link\" data-id=\"https:\/\/open.spotify.com\/episode\/2NaYcCmsA3EuAIcrUIsOjb?si=f2dedbdfed684ded\">Spotify<\/a>)<\/p>\n\n\n\n<p>7. osa: <a href=\"https:\/\/www.youtube.com\/watch?v=yPByMY5XxEs&amp;t=4331s\" data-type=\"link\" data-id=\"https:\/\/www.youtube.com\/watch?v=yPByMY5XxEs&amp;t=4331s\"><strong>Koit Kaskel<\/strong>. Lennunduses olen oma lennust \u00fcksinda.<\/a> (02. 07. 2025) (<a href=\"https:\/\/open.spotify.com\/episode\/64bFZlbhsOG3b5WuOzURH4?si=a7e19c0a88484c1c\" data-type=\"link\" data-id=\"https:\/\/open.spotify.com\/episode\/64bFZlbhsOG3b5WuOzURH4?si=a7e19c0a88484c1c\">Spotify<\/a>)<\/p>\n\n\n\n<p>6. osa: <a href=\"https:\/\/www.youtube.com\/watch?v=0P6CCdl7m3k\" data-type=\"link\" data-id=\"https:\/\/www.youtube.com\/watch?v=0P6CCdl7m3k\">Kadrina paisj\u00e4rve hing <strong>Arvo S\u00f5rm<\/strong><\/a> (18. 06. 2025) (<a href=\"https:\/\/open.spotify.com\/episode\/1TyuNhacF3cDcaWenHXSZI?si=e43cb731da3d4b1a\" data-type=\"link\" data-id=\"https:\/\/open.spotify.com\/episode\/1TyuNhacF3cDcaWenHXSZI?si=e43cb731da3d4b1a\">Spotify<\/a>)<\/p>\n\n\n\n<p>5. osa: <a href=\"https:\/\/www.youtube.com\/watch?v=9xXy7qikar8\" data-type=\"link\" data-id=\"https:\/\/www.youtube.com\/watch?v=9xXy7qikar8\"><strong>Anu Faelmann-Klaus<\/strong> ja <strong>Julia K\u00fcppas<\/strong> Kadrina Lasteaed Sipsikust<\/a> (04. 06. 2025) (<a href=\"https:\/\/open.spotify.com\/episode\/1EGO7HYKP9cuehvm2mvXFS?si=6af64d38e55b49cf\" data-type=\"link\" data-id=\"https:\/\/open.spotify.com\/episode\/1EGO7HYKP9cuehvm2mvXFS?si=6af64d38e55b49cf\">Spotify<\/a>)<\/p>\n\n\n\n<p>4. osa: <a href=\"https:\/\/www.youtube.com\/watch?v=T3xFblOZx80\" data-type=\"link\" data-id=\"https:\/\/www.youtube.com\/watch?v=T3xFblOZx80\"><strong>Klaus Scheeli<\/strong> tegevus 1944. aastal<\/a> (21. 05. 2025) (<a href=\"https:\/\/open.spotify.com\/episode\/4aY3ao5UMK3eE1uVLEEsDT?si=d1dfadca7ed4448a\" data-type=\"link\" data-id=\"https:\/\/open.spotify.com\/episode\/4aY3ao5UMK3eE1uVLEEsDT?si=d1dfadca7ed4448a\">Spotify<\/a>)<\/p>\n\n\n\n<p>3. osa: <a href=\"https:\/\/www.youtube.com\/watch?v=ovdyoljOmj4&amp;t=14s\" data-type=\"link\" data-id=\"https:\/\/www.youtube.com\/watch?v=ovdyoljOmj4&amp;t=14s\"><strong>Ene Heide<\/strong>. Kutsun \u00fcles k\u00fclastama v\u00e4ikeseid k\u00fclaraamatukogusid.<\/a> (07. 05. 2025) (<a href=\"https:\/\/open.spotify.com\/episode\/0p0JMrJZRDAd59W5RRCTjo?si=f25b54ca38904282\" data-type=\"link\" data-id=\"https:\/\/open.spotify.com\/episode\/0p0JMrJZRDAd59W5RRCTjo?si=f25b54ca38904282\">Spotify<\/a>)<\/p>\n\n\n\n<p>2. osa: <a href=\"https:\/\/www.youtube.com\/watch?v=9Nlm8D_X7_s\" data-type=\"link\" data-id=\"https:\/\/www.youtube.com\/watch?v=9Nlm8D_X7_s\"><strong>Arvo Kruusement<\/strong> 97<\/a> (23. 04. 2025) (<a href=\"https:\/\/open.spotify.com\/episode\/0CcsWVKiiRDyM42HjfyRoF?si=yacGLdXmTGy81udJlB7GGg\" data-type=\"link\" data-id=\"https:\/\/open.spotify.com\/episode\/0CcsWVKiiRDyM42HjfyRoF?si=yacGLdXmTGy81udJlB7GGg\">Spotify<\/a>)<\/p>\n\n\n\n<p>1. osa: <a href=\"https:\/\/www.youtube.com\/watch?v=zn5yhLpzGek\" data-type=\"link\" data-id=\"https:\/\/www.youtube.com\/watch?v=zn5yhLpzGek\"><strong>Erika Roger<\/strong> Kadrina valla algusaastatest<\/a> (09. 04. 2025) (<a href=\"https:\/\/open.spotify.com\/episode\/7IVIZAGsWySit615F4TK2a?si=JsNHNx0kTRO46utI8S7h9Q\" data-type=\"link\" data-id=\"https:\/\/open.spotify.com\/episode\/7IVIZAGsWySit615F4TK2a?si=JsNHNx0kTRO46utI8S7h9Q\">Spotify<\/a>)<\/p>\n\n\n\n<figure class=\"wp-block-image size-full\"><img loading=\"lazy\" decoding=\"async\" width=\"1024\" height=\"1024\" src=\"https:\/\/neerutiselts.ee\/wp-content\/uploads\/2025\/04\/60b76e81-8a7d-4ddf-9d8f-853a793d5569.png\" alt=\"\" class=\"wp-image-2352\" srcset=\"https:\/\/neerutiselts.ee\/wp-content\/uploads\/2025\/04\/60b76e81-8a7d-4ddf-9d8f-853a793d5569.png 1024w, https:\/\/neerutiselts.ee\/wp-content\/uploads\/2025\/04\/60b76e81-8a7d-4ddf-9d8f-853a793d5569-300x300.png 300w, https:\/\/neerutiselts.ee\/wp-content\/uploads\/2025\/04\/60b76e81-8a7d-4ddf-9d8f-853a793d5569-150x150.png 150w, https:\/\/neerutiselts.ee\/wp-content\/uploads\/2025\/04\/60b76e81-8a7d-4ddf-9d8f-853a793d5569-768x768.png 768w\" sizes=\"auto, (max-width: 1024px) 100vw, 1024px\" \/><\/figure>\n","protected":false},"excerpt":{"rendered":"<p>Neeruti Seltsi Taskuh\u00e4\u00e4ling sai alguse Kadrina valla 33. aastap\u00e4eval, 9. aprillil 2025. Idee tekkis jaanuaris 2025 ning vahepealsel ajal pandi kokku plaan taskuh\u00e4\u00e4lingu esimese hooaja asjus. Taskuh\u00e4\u00e4lingu saateid on v\u00f5imalik kuulata Youtube&#8217;is ja Spotify&#8217;s. Taskuh\u00e4\u00e4lingul on ka Facebook&#8217;i leht. Soovi korral saab anda ka tagasisidet ning pakkuda v\u00e4lja vestluskaaslasi. Neeruti Seltsi Taskuh\u00e4\u00e4lingu teine hooaeg (2026)&#8230;<\/p>\n","protected":false},"author":1,"featured_media":0,"parent":0,"menu_order":0,"comment_status":"closed","ping_status":"closed","template":"","meta":{"ngg_post_thumbnail":0,"footnotes":""},"class_list":["post-2336","page","type-page","status-publish","hentry"],"_links":{"self":[{"href":"https:\/\/neerutiselts.ee\/index.php\/wp-json\/wp\/v2\/pages\/2336","targetHints":{"allow":["GET"]}}],"collection":[{"href":"https:\/\/neerutiselts.ee\/index.php\/wp-json\/wp\/v2\/pages"}],"about":[{"href":"https:\/\/neerutiselts.ee\/index.php\/wp-json\/wp\/v2\/types\/page"}],"author":[{"embeddable":true,"href":"https:\/\/neerutiselts.ee\/index.php\/wp-json\/wp\/v2\/users\/1"}],"replies":[{"embeddable":true,"href":"https:\/\/neerutiselts.ee\/index.php\/wp-json\/wp\/v2\/comments?post=2336"}],"version-history":[{"count":83,"href":"https:\/\/neerutiselts.ee\/index.php\/wp-json\/wp\/v2\/pages\/2336\/revisions"}],"predecessor-version":[{"id":2650,"href":"https:\/\/neerutiselts.ee\/index.php\/wp-json\/wp\/v2\/pages\/2336\/revisions\/2650"}],"wp:attachment":[{"href":"https:\/\/neerutiselts.ee\/index.php\/wp-json\/wp\/v2\/media?parent=2336"}],"curies":[{"name":"wp","href":"https:\/\/api.w.org\/{rel}","templated":true}]}}