{"id":2645,"date":"2026-05-03T15:15:36","date_gmt":"2026-05-03T13:15:36","guid":{"rendered":"https:\/\/neerutiselts.ee\/?page_id=2645"},"modified":"2026-05-03T15:15:36","modified_gmt":"2026-05-03T13:15:36","slug":"kadrina-kandi-kajastused-vanades-ajalehtedes","status":"publish","type":"page","link":"https:\/\/neerutiselts.ee\/index.php\/kadrina-kandi-kajastused-vanades-ajalehtedes\/","title":{"rendered":"Kadrina kandi kajastused vanades ajalehtedes"},"content":{"rendered":"\n<figure class=\"wp-block-table is-style-stripes\"><table class=\"has-black-color has-light-green-cyan-background-color has-text-color has-background has-link-color has-fixed-layout\"><tbody><tr><td class=\"has-text-align-center\" data-align=\"center\"><strong>Artikkel<\/strong><\/td><td class=\"has-text-align-center\" data-align=\"center\"><strong>V\u00e4ljaanne<\/strong><\/td><\/tr><tr><td class=\"has-text-align-center\" data-align=\"center\">Kadrina austab s\u00f5jakangelasi<\/td><td class=\"has-text-align-center\" data-align=\"center\"><a href=\"https:\/\/dea.digar.ee\/cgi-bin\/dea?a=d&amp;d=paevalehtew19260810.2.23&amp;e=-------et-25--1--txt-txIN%7ctxTI%7ctxAU%7ctxTA-------------\" data-type=\"link\" data-id=\"https:\/\/dea.digar.ee\/cgi-bin\/dea?a=d&amp;d=paevalehtew19260810.2.23&amp;e=-------et-25--1--txt-txIN%7ctxTI%7ctxAU%7ctxTA-------------\">P\u00e4evaleht 10.08.1926, nr. 214, lk. 4<\/a><\/td><\/tr><tr><td class=\"has-text-align-center\" data-align=\"center\">M\u00e4lestussamba avamine Kadrinas<\/td><td class=\"has-text-align-center\" data-align=\"center\"><a href=\"https:\/\/dea.digar.ee\/cgi-bin\/dea?a=d&amp;d=eestikirikeelk19260819.2.10&amp;e=-------et-25--1--txt-txIN%7ctxTI%7ctxAU%7ctxTA-------------\" data-type=\"link\" data-id=\"https:\/\/dea.digar.ee\/cgi-bin\/dea?a=d&amp;d=eestikirikeelk19260819.2.10&amp;e=-------et-25--1--txt-txIN%7ctxTI%7ctxAU%7ctxTA-------------\">Eesti Kirik 19.08.1926, nr. 33, lk. 263<\/a><\/td><\/tr><tr><td class=\"has-text-align-center\" data-align=\"center\">Kadrina Haridusselts hakkab seltsimaja ehitama<\/td><td class=\"has-text-align-center\" data-align=\"center\"><a href=\"https:\/\/dea.digar.ee\/cgi-bin\/dea?a=d&amp;d=postimeesew19270521.2.52&amp;e=-------et-25--1--txt-txIN%7ctxTI%7ctxAU%7ctxTA-------------\" data-type=\"link\" data-id=\"https:\/\/dea.digar.ee\/cgi-bin\/dea?a=d&amp;d=postimeesew19270521.2.52&amp;e=-------et-25--1--txt-txIN%7ctxTI%7ctxAU%7ctxTA-------------\">Postimees 21.05.1927, nr. 136, lk. 4<\/a><\/td><\/tr><tr><td class=\"has-text-align-center\" data-align=\"center\">Kadrina uue seltsimaja \u00f5nnistamine<\/td><td class=\"has-text-align-center\" data-align=\"center\"><a href=\"https:\/\/dea.digar.ee\/cgi-bin\/dea?a=d&amp;d=kaja19301025-1.2.14&amp;e=-------et-25--1--txt-txIN%7ctxTI%7ctxAU%7ctxTA-------------\" data-type=\"link\" data-id=\"https:\/\/dea.digar.ee\/cgi-bin\/dea?a=d&amp;d=kaja19301025-1.2.14&amp;e=-------et-25--1--txt-txIN%7ctxTI%7ctxAU%7ctxTA-------------\">Kaja 25.10.1930, nr. 250, lk. 2<\/a><\/td><\/tr><tr><td class=\"has-text-align-center\" data-align=\"center\">Kadrina uus rahvamaja valmis<\/td><td class=\"has-text-align-center\" data-align=\"center\"><a href=\"https:\/\/dea.digar.ee\/cgi-bin\/dea?a=d&amp;d=kaja19301031-1.2.21&amp;e=-------et-25--1--txt-txIN%7ctxTI%7ctxAU%7ctxTA-------------\" data-type=\"link\" data-id=\"https:\/\/dea.digar.ee\/cgi-bin\/dea?a=d&amp;d=kaja19301031-1.2.21&amp;e=-------et-25--1--txt-txIN%7ctxTI%7ctxAU%7ctxTA-------------\">Kaja 31.10.1930, nr. 255, lk. 2<\/a><\/td><\/tr><tr><td class=\"has-text-align-center\" data-align=\"center\">Raske auto\u00f5nnetus Rakvere ja Kadrina jaamade vahel<\/td><td class=\"has-text-align-center\" data-align=\"center\"><a href=\"https:\/\/dea.digar.ee\/cgi-bin\/dea?a=d&amp;d=paevalehtew19301216.2.8&amp;e=-------et-25--1--txt-txIN%7ctxTI%7ctxAU%7ctxTA-------------\" data-type=\"link\" data-id=\"https:\/\/dea.digar.ee\/cgi-bin\/dea?a=d&amp;d=paevalehtew19301216.2.8&amp;e=-------et-25--1--txt-txIN%7ctxTI%7ctxAU%7ctxTA-------------\">P\u00e4evaleht 16.12.1930, nr. 343, lk. 3<\/a><\/td><\/tr><tr><td class=\"has-text-align-center\" data-align=\"center\">Georg M\u00e4gi 70-aastane<\/td><td class=\"has-text-align-center\" data-align=\"center\"><a href=\"https:\/\/dea.digar.ee\/cgi-bin\/dea?a=d&amp;d=paevalehtew19340319.2.36&amp;e=-------et-25--1--txt-txIN%7ctxTI%7ctxAU%7ctxTA-------------\" data-type=\"link\" data-id=\"https:\/\/dea.digar.ee\/cgi-bin\/dea?a=d&amp;d=paevalehtew19340319.2.36&amp;e=-------et-25--1--txt-txIN%7ctxTI%7ctxAU%7ctxTA-------------\">P\u00e4evaleht 19.03.1934, nr. 77, lk. 6<\/a><\/td><\/tr><tr><td class=\"has-text-align-center\" data-align=\"center\">Kadrina Tarvitajate \u00dchisus 20-aastane<\/td><td class=\"has-text-align-center\" data-align=\"center\"><a href=\"https:\/\/dea.digar.ee\/cgi-bin\/dea?a=d&amp;d=uhisuudised19390421.2.49&amp;e=-------et-25--1--txt-txIN%7ctxTI%7ctxAU%7ctxTA-------------\" data-type=\"link\" data-id=\"https:\/\/dea.digar.ee\/cgi-bin\/dea?a=d&amp;d=uhisuudised19390421.2.49&amp;e=-------et-25--1--txt-txIN%7ctxTI%7ctxAU%7ctxTA-------------\">\u00dchistegelised Uudised 21.04.1939, nr. 16, lk.  6<\/a><\/td><\/tr><tr><td class=\"has-text-align-center\" data-align=\"center\">Haruldased maalid Kadrina kirikus<\/td><td class=\"has-text-align-center\" data-align=\"center\"><a href=\"https:\/\/dea.digar.ee\/cgi-bin\/dea?a=d&amp;d=eestikirikeelk19390621.2.24&amp;e=-------et-25--1--txt-txIN%7ctxTI%7ctxAU%7ctxTA-------------\" data-type=\"link\" data-id=\"https:\/\/dea.digar.ee\/cgi-bin\/dea?a=d&amp;d=eestikirikeelk19390621.2.24&amp;e=-------et-25--1--txt-txIN%7ctxTI%7ctxAU%7ctxTA-------------\">Eesti Kirik 21.06.1939, nr. 25, lk. 5<\/a><\/td><\/tr><tr><td class=\"has-text-align-center\" data-align=\"center\">Kadrina saab elektri<\/td><td class=\"has-text-align-center\" data-align=\"center\"><a href=\"https:\/\/dea.digar.ee\/cgi-bin\/dea?a=d&amp;d=uuseesti19400126.2.30&amp;e=-------et-25--1--txt-txIN%7ctxTI%7ctxAU%7ctxTA-------------\" data-type=\"link\" data-id=\"https:\/\/dea.digar.ee\/cgi-bin\/dea?a=d&amp;d=uuseesti19400126.2.30&amp;e=-------et-25--1--txt-txIN%7ctxTI%7ctxAU%7ctxTA-------------\">Uus Eesti 26.01.1940, nr. 24, lk. 2<\/a><\/td><\/tr><\/tbody><\/table><\/figure>\n","protected":false},"excerpt":{"rendered":"<p>Artikkel V\u00e4ljaanne Kadrina austab s\u00f5jakangelasi P\u00e4evaleht 10.08.1926, nr. 214, lk. 4 M\u00e4lestussamba avamine Kadrinas Eesti Kirik 19.08.1926, nr. 33, lk. 263 Kadrina Haridusselts hakkab seltsimaja ehitama Postimees 21.05.1927, nr. 136, lk. 4 Kadrina uue seltsimaja \u00f5nnistamine Kaja 25.10.1930, nr. 250, lk. 2 Kadrina uus rahvamaja valmis Kaja 31.10.1930, nr. 255, lk. 2 Raske auto\u00f5nnetus Rakvere&#8230;<\/p>\n","protected":false},"author":1,"featured_media":0,"parent":0,"menu_order":0,"comment_status":"closed","ping_status":"closed","template":"","meta":{"ngg_post_thumbnail":0,"footnotes":""},"class_list":["post-2645","page","type-page","status-publish","hentry"],"_links":{"self":[{"href":"https:\/\/neerutiselts.ee\/index.php\/wp-json\/wp\/v2\/pages\/2645","targetHints":{"allow":["GET"]}}],"collection":[{"href":"https:\/\/neerutiselts.ee\/index.php\/wp-json\/wp\/v2\/pages"}],"about":[{"href":"https:\/\/neerutiselts.ee\/index.php\/wp-json\/wp\/v2\/types\/page"}],"author":[{"embeddable":true,"href":"https:\/\/neerutiselts.ee\/index.php\/wp-json\/wp\/v2\/users\/1"}],"replies":[{"embeddable":true,"href":"https:\/\/neerutiselts.ee\/index.php\/wp-json\/wp\/v2\/comments?post=2645"}],"version-history":[{"count":1,"href":"https:\/\/neerutiselts.ee\/index.php\/wp-json\/wp\/v2\/pages\/2645\/revisions"}],"predecessor-version":[{"id":2647,"href":"https:\/\/neerutiselts.ee\/index.php\/wp-json\/wp\/v2\/pages\/2645\/revisions\/2647"}],"wp:attachment":[{"href":"https:\/\/neerutiselts.ee\/index.php\/wp-json\/wp\/v2\/media?parent=2645"}],"curies":[{"name":"wp","href":"https:\/\/api.w.org\/{rel}","templated":true}]}}