{"id":53,"date":"2019-07-27T10:45:42","date_gmt":"2019-07-27T08:45:42","guid":{"rendered":"http:\/\/neerutiselts.ee\/?page_id=53"},"modified":"2023-12-20T13:55:46","modified_gmt":"2023-12-20T11:55:46","slug":"seltsist-seda-ja-teist","status":"publish","type":"page","link":"https:\/\/neerutiselts.ee\/index.php\/seltsist-seda-ja-teist\/","title":{"rendered":"Seltsist seda ja teist"},"content":{"rendered":"\n<p>P\u00f5hikiri<br>MITTETULUNDUS\u00dcHINGU NEERUTI SELTS P\u00d5HIKIRI<\/p>\n\n\n\n<ol class=\"wp-block-list\">\n<li><strong>\u00dcLDS\u00c4TTED<\/strong><br>1.1 \u00dchingu nimi on mittetulundus\u00fching Neeruti Selts (edaspidi Selts).<br>1.2 Seltsi asukoht on Eesti Vabariik, L\u00e4\u00e4ne- Viru maakond, Kadrina, Pargi tn 3.<br>1.3 Selts on era\u00f5iguslik juriidiline isik. Selts on oma tegevuses s\u00f5ltumatu ja juhindub seadustest, kohaliku omavalitsuse \u00f5igusaktidest, k\u00e4esolevast p\u00f5hikirjast ja headest tavadest.<br>1.4 Seltsi tegevus rajaneb demokraatia p\u00f5him\u00f5tetel, Seltsi liikmete omaalgatusel ja \u00fchistegevusel.<br>1.5 Selts v\u00f5ib teha koost\u00f6\u00f6d k\u00f5igi isikutega kodu- ja v\u00e4lismaal;<br>1.6 Seltsil on oma vara ja iseseisev bilanss. Seltsil v\u00f5ivad olla pangaarved.<br>1.7 Seltsil on oma nimega pitsat ja s\u00fcmboolika.<br>1.8 Oma kohustuste eest vastutab Selts kogu oma varaga. Seltsi liikmed ei vastuta Seltsi kohustuste eest oma varaga.<br>1.9 Seltsi tulu kasutatakse ainult p\u00f5hikirjaliste eesm\u00e4rkide saavutamiseks, kasumit ei jaotata Seltsi liikmete vahel.<br>1.10 Seltsil on \u00f5igus kasutada palgalisi t\u00f6\u00f6tajaid.<br>1.11 Seltsi majandusaasta algab 1. jaanuaril ja l\u00f5peb 31.detsembril.<br>1.12 Selts on asutatud m\u00e4\u00e4ramata t\u00e4htajaks.<\/li>\n\n\n\n<li><strong>SELTSI EESM\u00c4RGID JA TEGEVUSVALDKONNAD<\/strong><br>2.1 Seltsi tegevuse eesm\u00e4rgid on:<br>2.1.1 laiendada ja s\u00fcvendada inimeste teadmisi Neeruti ja selle \u00fcmbruse loodusest, ajaloost ja kultuuriloost;<br>2.1.2 edendada turismi Kadrina vallas;<br>2.1.3 osaleda ajalooliste, kultuuriliste ja looduslike objektide korrastamisel;<br>2.1.4 aidata kohalikul omavalitsusel ellu viia ajaloo-, kultuuriloo- ja keskkonnahoiuga seotud projekte, edendada ajaloop\u00e4randi j\u00e4\u00e4dvustamist, s\u00e4ilitamist ja eksponeerimist;<br>2.1.5 osaleda kodu-, loodus- ja ajaloouurimustes;<br>2.1.6 kaasata teisi isikuid oma tegevusse ja osaleda teiste samalaadsete organisatsioonide tegevuses.<br>2.2 Selts teeb eesm\u00e4rkide saavutamiseks:<br>2.2.1 korraldab tervistavaid ja inimeste teadmisi laiendavaid loodus- ja kultuurihoiu alast \u00fchistegevust (matkad, kokkutulekud, talgud jms);<br>2.2.2 korraldab tegevusega seotud koolitusi, seminare, n\u00e4itusi, kirjastustegevust ja v\u00f5ib kasutada k\u00f5iki tegevuste j\u00e4\u00e4dvustamise vahendeid;<br>2.2.3 korraldab ja\/v\u00f5i viib l\u00e4bi vahendite hankimise eesm\u00e4rgil tasulisi kultuuri\u00fcritusi, m\u00fc\u00fcb tooteid ja teenuseid, v\u00f5tab vastu varalisi annetusi ja eraldisi, teostab tehinguid Seltsi omanduses oleva varaga p\u00f5hikirjaliste eesm\u00e4rkide saavutamiseks;<br>2.2.4 koostab ja esitab toetusfondidele projekte p\u00f5hikirjaliste eesm\u00e4rkide t\u00e4itmise rahastamiseks ning korraldab projektide elluviimist;<br>2.2.5 s\u00f5lmib lepinguid p\u00f5hikirjaliste eesm\u00e4rkide saavutamiseks.<\/li>\n\n\n\n<li><strong>SELTSI LIIKMED, LIIKMEKS VASTUV\u00d5TMISE JA V\u00c4LJAARVAMISE TINGIMUSED JA KORD<\/strong><br>3.1 Seltsi liikmeteks v\u00f5ivad olla f\u00fc\u00fcsilised ja juriidilised isikud kodu- ja v\u00e4lismaalt, kes on huvitatud Seltsi tegevusest ning tunnistavad Seltsi p\u00f5hikirja. Juriidilised isikud tegutsevad volitatud esindajate vahendusel.<br>3.2 Seltsi liikmeks vastuv\u00f5tmise otsustab Seltsi juhatus taotleja kirjaliku avalduse alusel, avalduse esitamisele j\u00e4rgneval juhatuse koosolekul. Seltsi juhatus teatab avaldajale koosoleku otsusest Seltsi liikmeks arvamise v\u00f5i avalduse tagasil\u00fckkamise kohta hiljemalt 7. p\u00e4eva jooksul. Avalduse tagasil\u00fckkamise korral on avaldajal \u00f5igus esitada Seltsi liikmeks astumise avaldus otsustamiseks Seltsi \u00fcldkoosolekule.<br>3.3 Liikmestaatuse taotleja loetakse Seltsi liikmeks alates otsuse vastuv\u00f5tmisest.<br>3.4 Asutajaliikmetel ja hiljem vastuv\u00f5etud liikmetel on \u00fchesugused \u00f5igused ja kohustused.<br>3.5 Seltsi liikmelisust ei saa \u00fcle anda ega p\u00e4randada.<br>3.6 Seltsi juhatus peab Seltsi liikmete arvestust.<br>3.7 Seltsi liikmel on \u00f5igus juhatusele esitatud avalduse alusel Seltsist v\u00e4lja astuda. \u00dcldkoosolek peab rahuldama liikme v\u00e4ljaastumispalve hiljemalt 30. p\u00e4eva jooksul arvates avalduse juhatusele saabumise p\u00e4evast. V\u00e4lja astuda sooviv liige on kohustatud k\u00f5rvaldama k\u00f5ik oma v\u00f5lgnevused Seltsi ees enne juhatuse vastava otsuse tegemist.<br>3.8 Seltsi liikme v\u00f5ib Seltsist v\u00e4lja arvata, kui liige on rikkunud k\u00e4esoleva p\u00f5hikirja s\u00e4tteid v\u00f5i kahjustab Seltsi au v\u00f5i rikub Seltsi kollegiaalseid suhteid.<br>3.9 Seltsist v\u00e4ljaastumine v\u00f5i v\u00e4ljaarvamine j\u00f5ustub juhatuse vastava otsuse vastuv\u00f5tmise hetkest. V\u00e4ljaarvamise korral on v\u00e4ljaarvatul \u00f5igus taotleda Seltsi \u00fcldkoosolekult enda Seltsi liikme staatuse ennistamist.<br>3.10 Liikmeksoleku l\u00f5ppemisega l\u00f5pevad isikul Seltsiga seotud \u00f5igused ja kohustused, v\u00e4lja arvatud varaliste kohustuste t\u00e4itmisest tulenevad vaidlused, mis lahendatakse poolte vahelise kokkuleppega v\u00f5i kohtukorras.<\/li>\n\n\n\n<li><strong>SELTSI LIIKME KOHUSTUSED JA \u00d5IGUSED<br><\/strong>4.1 Seltsi liige on kohustatud:<br>4.1.1 t\u00e4itma k\u00e4esolevat p\u00f5hikirja, Seltsi \u00fcldkoosoleku ja juhatuse otsuseid ning osalema \u00fcldkoosolekutel;<br>4.1.2 hoidma heaperemehelikult Seltsi vara;<br>4.1.3 hoidma ja kaitsma Seltsi head mainet.<br>4.2 Seltsi liikmel on \u00f5igus:<br>4.2.1. v\u00f5tta osa Seltsi \u00fcldkoosolekutest isiklikult v\u00f5i tema poolt volitatud esindaja kaudu;<br>4.2.2 esitada juhatusele avaldusi, kaebusi ja j\u00e4relp\u00e4rimisi seoses Seltsi tegevusega;<br>4.2.3 olla valitud Seltsi juhatusse v\u00f5i revisjonikomisjoni;<br>4.2.4 osa v\u00f5tta Seltsi poolt korraldatud \u00fcritustest;<br>4.2.5 taotleda Seltsi eesm\u00e4rkide saavutamisele suunatud tegevuses Seltsi toetust ja kaitset.<\/li>\n\n\n\n<li><strong>SELTSI TEGEVUSE JUHTIMINE<\/strong><br>5.1 Seltsi juhtorganiteks on \u00fcldkoosolek ja juhatus.<br>5.2 Seltsi \u00fcldkoosolek on Seltsi k\u00f5rgeim juhtorgan.<br>5.3 Seltsi juhatus on Seltsi juhtorgan \u00fcldkoosolekute vahelisel ajal.<br>5.4 \u00dcldkoosoleku ainup\u00e4devusse kuulub:<br>5.4.1 Seltsi p\u00f5hikirja muutmine, t\u00e4iendamine v\u00f5i uue p\u00f5hikirja vastuv\u00f5tmine;<br>5.4.2 Seltsi \u00fchinemise, jagunemise v\u00f5i l\u00f5petamise otsustamine;<br>5.4.3 juhatuse, juhatuse esimehe ja revisjonikomisjoni liikmete m\u00e4\u00e4ramine v\u00f5i nende volituste ennet\u00e4htaegne l\u00f5petamine;<br>5.4.4 seadustega ette n\u00e4htud ja Seltsiga seotud muude k\u00fcsimuste, mis pole teiste organite p\u00e4devusse antud, otsustamine;<br>5.4.5 liikmemaksu kehtestamine ja selle tasumise t\u00e4htaja m\u00e4\u00e4ramine;<br>5.4.6 vajadusel juhatuse otsuste l\u00e4bivaatamine v\u00f5i muutmine v\u00f5i t\u00fchistamine.<br>5.4.7 juhatuse poolt esitatud aasta tegevuskava vastuv\u00f5tmine ja majandustegevuse aastaaruande ning revisjonikomisjoni aruande kinnitamine;<br>5.5 Seltsi \u00fcldkoosolek:<br>5.5.1 \u00fcldkoosoleku kutsub kokku juhatus, kuid mitte harvemini kui \u00fcks kord aastas;<br>5.5.2 \u00fcldkoosoleku toimumise aeg, koht ja p\u00e4evakord teatatakse v\u00e4hemalt 10 p\u00e4eva enne koosoleku toimumist;<br>5.5.3 \u00fcldkoosolek on otsustusv\u00f5imeline, kui koosolekust v\u00f5tavad osa \u00fcle poole Seltsi liikmetest ja otsus on vastu v\u00f5etud, kui selle poolt h\u00e4\u00e4letab \u00fcle poole Seltsi liikmetest v\u00f5i liikmete volitatud esindajatest, v\u00e4lja arvatud p\u00f5hikirja punktide 5.4.1; 5.4.2 ja 5.4.5 osas otsustamine;<br>5.5.4 \u00fcldkoosoleku otsus p\u00f5hikirja punktide osas 5.4.1; 5.4.2 ja 5.4.5 on vastu v\u00f5etud, kui selle poolt h\u00e4\u00e4letab 2\/3 Seltsi liikmetest v\u00f5i liikmete volitatud esindajatest;<br>5.5.5 \u00fcldkoosoleku otsused j\u00f5ustuvad vastuv\u00f5tmisest, kui ei ole otsustatud teisiti;<br>5.5.6 \u00fcldkoosolek protokollitakse, protokollile kirjutavad alla koosoleku juhataja ja protokollija.<br>5.6 Seltsi juhatus:<br>5.6.1 m\u00e4\u00e4ratakse \u00fcldkoosoleku poolt ametisse kuni viieks aastaks;<br>5.6.2 juhatus on kuni seitsmeliikmeline;<br>5.6.3 juhatus vastutab seltsi majandustegevuse eest;<br>5.6.4 juhatuse esimees korraldab juhatuse t\u00f6\u00f6d, esimehe \u00e4raolekul asendab teda \u00fcks juhatuse liikmetest juhatuse otsusel;<br>5.6.5 igal juhatuse liikmel on \u00f5igus esindada Seltsi vastavalt seadustele ja k\u00e4esolevale p\u00f5hikirjale;<br>5.6.6 juhatuse liikme v\u00f5i juhatuse esimehe tagasiastumine v\u00f5ib toimuda tema kirjaliku avalduse alusel \u00fcldkoosoleku otsusega.<br>5.7 Juhatuse p\u00e4devusse kuulub:<br>5.7.1 aasta tegevuskava koostamine ja majandustegevuse aastaaruande esitamine kinnitamiseks \u00fcldkoosolekule;<br>5.7.2 projektide koostamine ja esitamine;<br>5.7.3 avalduste ja ettepanekute l\u00e4bivaatamine ja asjakohaste lahenduste v\u00e4ljat\u00f6\u00f6tamine;<br>5.7.4 Seltsi asjaajamise korraldamine, lepingute s\u00f5lmimine, t\u00e4itmise korraldamine ja l\u00f5petamine;<br>5.7.2 Seltsi esindamine, \u00fcldkoosolekute kokkukutsumine ja selle otsuste t\u00e4ideviimine ja Seltsi juhtimine \u00fcldkoosolekute vahelisel ajal.<br>5.8 Juhatuse koosolek:<br>5.8.1 juhatuse koosolekud toimuvad vastavalt vajadusele, revisjonikomisjoni v\u00f5i v\u00e4hemalt viie Seltsi liikme n\u00f5udmisel, kuid v\u00e4hemalt 6 korda aastas;<br>5.8.2 juhatuse koosoleku otsused v\u00f5etakse vastu juhatuse liikmete h\u00e4\u00e4lteenamusega;<br>5.6.5 juhatuse koosolek protokollitakse, protokollile kirjutavad alla juhatuse esimees ja protokollija;<br>5.6.6 juhatuse otsused j\u00f5ustuvad alates juhatuse koosoleku protokollile alla kirjutamisest;<br>5.6.7 Juhatuse liikmed vastutavad seltsi ja teiste isikute ees vastavalt seadustele.<\/li>\n\n\n\n<li><strong>SELTSI TEGEVUSE REVIDEERIMINE<br><\/strong>6.1 Seltsi kontrollorgan on revisjonikomisjon;<br>6.2 Revisjonikomisjon on kuni viieliikmeline.<br>6.3 Revisjonikomisjoni liikmed ja esimees m\u00e4\u00e4ratakse \u00fcldkoosoleku poolt Seltsi liikmete hulgast.<br>6.4 Revisjonikomisjoni liige ei v\u00f5i kuuluda Seltsi juhatusse ning ei v\u00f5i olla Seltsi palgaline t\u00f6\u00f6taja.<br>6.5 Revisjonikomisjon esitab \u00fcldkoosolekule kinnitamiseks l\u00f5ppenud majandusaasta revisjoniaruande.<br>6.6 Revisjonikomisjonil on \u00f5igus:<br>6.5.1 kontrollida Seltsi varasid, pangaarveid, raamatupidamisdokumente ja toimingute seaduslikkust;<br>6.5.2 kaasata kontrollimise juurde asjatundjaid v\u00e4ljastpoolt Seltsi;<br>6.5.2 osa v\u00f5tta juhatuse koosolekutest, olla teadlik juhatuse otsustest ja kutsuda kokku juhatuse koosolek.<br>6.7 Revisjonikomisjoni koosolek toimub vastavalt vajadusele, kuid mitte harvemini kui kord aastas.<br>6.8 Revisjonikomisjoni koosolek protokollitakse, protokollile kirjutavad alla revisjonikomisjoni esimees ja protokollija.<\/li>\n\n\n\n<li><strong>SELTSI TEGEVUSE L\u00d5PETAMINE, JAGUNEMINE V\u00d5I LIITUMINE<\/strong><br>7.1 Seltsi tegevuse l\u00f5petamine, jagunemine v\u00f5i liitmine toimub seadustega s\u00e4testatud korras.<br>7.2 Seltsi tegevuse l\u00f5petamisel, p\u00e4rast v\u00f5lausaldajate n\u00f5uete rahuldamist, antakse allesj\u00e4\u00e4nud vara \u00fcle Kadrina vallas samalaadsete eesm\u00e4rkidega tegutsevale mittetulundus\u00fchingule.<br>7.3 Seltsi jagunemise korral, p\u00e4rast v\u00f5lausaldajate n\u00f5uete rahuldamist, j\u00e4\u00e4b allesj\u00e4\u00e4nud vara Seltsi p\u00f5hitegevuse j\u00e4tkajale.<br>P\u00f5hikiri on vastu v\u00f5etud <strong>MT\u00dc NEERUTI SELTS<\/strong> asutamiskoosolekul<br>septembril 2001. a.<br>Muudetud Neeruti Seltsi \u00fcldkoosolekul 17. septembril 2004. a.<br>Muudetud Neeruti Seltsi \u00fcldkoosolekul 25. m\u00e4rtsil 2010. a.<\/li>\n<\/ol>\n","protected":false},"excerpt":{"rendered":"<p>P\u00f5hikiriMITTETULUNDUS\u00dcHINGU NEERUTI SELTS P\u00d5HIKIRI<\/p>\n","protected":false},"author":1,"featured_media":0,"parent":0,"menu_order":0,"comment_status":"closed","ping_status":"closed","template":"","meta":{"ngg_post_thumbnail":0,"footnotes":""},"class_list":["post-53","page","type-page","status-publish","hentry"],"_links":{"self":[{"href":"https:\/\/neerutiselts.ee\/index.php\/wp-json\/wp\/v2\/pages\/53","targetHints":{"allow":["GET"]}}],"collection":[{"href":"https:\/\/neerutiselts.ee\/index.php\/wp-json\/wp\/v2\/pages"}],"about":[{"href":"https:\/\/neerutiselts.ee\/index.php\/wp-json\/wp\/v2\/types\/page"}],"author":[{"embeddable":true,"href":"https:\/\/neerutiselts.ee\/index.php\/wp-json\/wp\/v2\/users\/1"}],"replies":[{"embeddable":true,"href":"https:\/\/neerutiselts.ee\/index.php\/wp-json\/wp\/v2\/comments?post=53"}],"version-history":[{"count":10,"href":"https:\/\/neerutiselts.ee\/index.php\/wp-json\/wp\/v2\/pages\/53\/revisions"}],"predecessor-version":[{"id":1797,"href":"https:\/\/neerutiselts.ee\/index.php\/wp-json\/wp\/v2\/pages\/53\/revisions\/1797"}],"wp:attachment":[{"href":"https:\/\/neerutiselts.ee\/index.php\/wp-json\/wp\/v2\/media?parent=53"}],"curies":[{"name":"wp","href":"https:\/\/api.w.org\/{rel}","templated":true}]}}