{"id":600,"date":"2019-08-07T13:34:29","date_gmt":"2019-08-07T11:34:29","guid":{"rendered":"http:\/\/neerutiselts.ee\/?page_id=600"},"modified":"2025-11-20T23:48:47","modified_gmt":"2025-11-20T21:48:47","slug":"leader","status":"publish","type":"page","link":"https:\/\/neerutiselts.ee\/index.php\/leader\/","title":{"rendered":"Leader"},"content":{"rendered":"\n<p class=\"has-text-align-center\"><strong>Kaasrahastanud Euroopa Liit<\/strong><\/p>\n\n\n<div class=\"wp-block-image\">\n<figure class=\"aligncenter size-large is-resized\"><img loading=\"lazy\" decoding=\"async\" width=\"1024\" height=\"683\" src=\"https:\/\/neerutiselts.ee\/wp-content\/uploads\/2025\/11\/el-embleem-varviline-1024x683.jpg\" alt=\"\" class=\"wp-image-2540\" style=\"width:478px;height:auto\" srcset=\"https:\/\/neerutiselts.ee\/wp-content\/uploads\/2025\/11\/el-embleem-varviline-1024x683.jpg 1024w, https:\/\/neerutiselts.ee\/wp-content\/uploads\/2025\/11\/el-embleem-varviline-300x200.jpg 300w, https:\/\/neerutiselts.ee\/wp-content\/uploads\/2025\/11\/el-embleem-varviline-768x512.jpg 768w, https:\/\/neerutiselts.ee\/wp-content\/uploads\/2025\/11\/el-embleem-varviline-1536x1024.jpg 1536w, https:\/\/neerutiselts.ee\/wp-content\/uploads\/2025\/11\/el-embleem-varviline-2048x1366.jpg 2048w, https:\/\/neerutiselts.ee\/wp-content\/uploads\/2025\/11\/el-embleem-varviline-600x400.jpg 600w\" sizes=\"auto, (max-width: 1024px) 100vw, 1024px\" \/><\/figure>\n<\/div>\n\n\n<p><\/p>\n\n\n\n<figure class=\"wp-block-table is-style-stripes\"><table class=\"has-black-color has-light-green-cyan-background-color has-text-color has-background has-link-color has-fixed-layout\"><tbody><tr><td>\u00dcritus<\/td><td>Toimumisaeg<\/td><\/tr><tr><td><a href=\"https:\/\/neerutiselts.ee\/wp-content\/uploads\/2025\/07\/artikkel-\u2013-koopia.pdf\" data-type=\"link\" data-id=\"https:\/\/neerutiselts.ee\/wp-content\/uploads\/2025\/07\/artikkel-\u2013-koopia.pdf\">Neeruti Seltsi ratturite seiklused Palver\u00e4nnuteel<\/a><\/td><td>18.-20. juulil 2025<\/td><\/tr><\/tbody><\/table><\/figure>\n\n\n\n<p class=\"has-text-align-center\"><strong>LEADER projektitoetus 2023-2027 meede 2.2 Aktiivne ja tegus kogukond, MT\u00dc Arenduskoda, kohaliku tegevusr\u00fchma toetus<\/strong><\/p>\n\n\n\n<p>Neeruti Seltsi projekti \u201eKultuurilooliste retkede, huvireiside ja \u00f5pitubade korraldamine\u201c eesm\u00e4rk on suunatud j\u00e4rgnevale tulemusele:<br>\uf0b7 On loodud v\u00f5imalus vaimseks ja f\u00fc\u00fcsiliseks \u00fchistegevuseks ja suhtlemiseks erinevas vanuses osalejatele.<br>\uf0b7 On jagatud teadmised (ajalugu\/kultuur) erinevate paikade kogukondade inimeste vahel.<br>\uf0b7 On rakendatud teoreetilisi keskkonna teadmisi praktilises tegevuses.<br>\uf0b7 On antud esinemisv\u00f5imalus noortele (uurimused) ja kuulamis-k\u00fcsimus v\u00f5imalus kogenud osalejatele.<br>Projekti esimese etapi tegevustena on l\u00e4bi viidud jalgrattaretk palver\u00e4nnuteel (I etapp), 3 huvireisi Paidesse, Viljandisse ja P\u00f5ltsamaale ning 3 \u00f5pituba Neeruti Seltsi loodustoas.<\/p>\n\n\n\n<p><strong>TOETATUD 2024 LEADER- MEEDE 2-2<\/strong><br>MT\u00dc NEERUTI SELTS Projekt \u201cKultuurilooliste retkede, huvireiside ja \u00f5pitubade<br>korraldamine\u201d Maksumus: 22 813,41 eurot Toetus: 9999,99 eurot Omafinantseering: 1500<br>eurot Eesm\u00e4rk: Projekti retked erinevatesse Eestimaa paikadesse saavad alguse Kadrina<br>vallast ja on eelistatult suunatud osalemiseks Kadrina ning selle l\u00e4hivaldade inimestele<br>vanusepiiranguteta. Retk toimub, kasutades autotransporti ja kaasa v\u00f5etud isiklikke<br>jalgrattaid. Jalgrattad v\u00f5imaldavad retkep\u00e4eva siseselt liikuda looduses, kuhu<br>autotranspordiga ligip\u00e4\u00e4s puudub. Projektil on mitu suurt sihti: kultuuriliste paikade<br>s\u00e4ilitamine (ajaloolise m\u00e4lu hoidmine ja neis paikades turismi arendamine);<br>keskkonnahariduse pakkumine erinevatele p\u00f5lvkondadele ja sellega p\u00f5lvkondliku<br>j\u00e4rjepidevuse hoidmine; retkejuhtide\/giidide t\u00f6\u00f6varjutamine. Projekt on oluline Neeruti<br>Seltsile positiivse ja loomulikult aktiivselt mitmekesise taseme hoidmiseks ning liikmeskonna<br>kasvamiseks. Projektiga viiakse l\u00e4bi 2 retke, 4 huvireisi Eestis ja 3 \u00f5pituba Neeruti Seltsi<br>loodustoas. Retkede marsruudid on valitud nii, et oleks tagatud erineva f\u00fc\u00fcsilise v\u00f5imekusega<br>inimeste osalemine. \u00d5pitubades osalemine ei n\u00f5ua suurt f\u00fc\u00fcsilist v\u00f5imekust. Osaleda saavad<br>ka puude puhul abivahendeid kasutavad inimesed. T\u00e4htis on tegevuste v\u00f5imalikult v\u00e4ike<br>loodust saastav jalaj\u00e4lg. Eesm\u00e4rgiks on mitte kasutada \u00fchekordseid plastn\u00f5usid ning hoolikalt<br>tekkivat pr\u00fcgi sorteerida ja etten\u00e4htud kohtades ladustada. Neeruti Selts v\u00e4ikeseltsina<br>v\u00e4\u00e4rtustab koost\u00f6\u00f6d Kadrina vallaga. Projekti ettevalmistustesse ja l\u00e4biviimisse on kaasatud<br>kolm Neeruti Seltsi juhatuse liiget ning Kadrina valla esindaja. Osalema on kaasatud<br>vanusepiiranguteta nii Neeruti Seltsi liikmeskond kui ka mitteliikmed. Projekti tegevuste<br>algus: juuli 2024. Projekti tegevuste l\u00f5pp: juuni 2026. Projekti kestus kokku on 24 kuud.<br>Tegevuste toimumiste ajad korrigeeritud 10.09.2024<br>1) Retked:<br>Kultuurilooline palver\u00e4nnutee<br>I retk: Piritalt Maardusse; Maardult Voosele; Vooselt Esnale 18.-20.07.2025 (\u00dclle Visnapuu,<br>Tiiu Uusk\u00fcla, Urve Karp, NS liikmeskond ja mitteliikmed)<br>II retk: Esna- Adavere; Adavere- V\u00f5isiku; V\u00f5isiku- Rannu 26.-28.06.2026 (\u00dclle Visnapuu,<br>Tiiu Uusk\u00fcla, Urve Karp, NS liikmeskond ja mitteliikmed)<br>2) Huvireisid:<\/p>\n\n\n\n<ol class=\"wp-block-list\">\n<li>huvireis. 12.04.2025 Paide linn<\/li>\n\n\n\n<li>huvireis 10.05.2025 Viljandi linn<\/li>\n\n\n\n<li>huvireis 23.08.2025 P\u00f5ltsamaa linn<\/li>\n\n\n\n<li>huvireis 09.-10.05.2026 T\u00f5rva linn ja Holdre m\u00f5is (klaverimuuseum).<br>3) \u00d5pitoad:<br>Kadrina Keskkooli \u00f5pilaste \u00f5pilasuurimused Neeruti Seltsi loodustoas (Evelin Tiiter)\n<ol start=\"11\" class=\"wp-block-list\">\n<li>01.2025<\/li>\n<\/ol>\n<\/li>\n\n\n\n<li>08.03.2025<\/li>\n\n\n\n<li>11.10.2025<br>Projekti maksumus kokku: 10000 &nbsp;\u20ac&nbsp; &nbsp;<br>MT\u00dc Neeruti Selts ei ole k\u00e4ibemaksukohuslane<\/li>\n<\/ol>\n\n\n\n<p><\/p>\n\n\n\n<p><\/p>\n\n\n\n<p><em>LEADER<\/em>-meede 2.2 toetatud projekt 2016-2019<\/p>\n\n\n\n<p><em>10 RETKE\nKORRALDAMINE<\/em><\/p>\n\n\n\n<p>Projekti tegevused viiakse l\u00e4bi Tallinna linnas ja\nkuues maakonnas \u2013 L\u00e4\u00e4nemaal, L\u00e4\u00e4ne-Virumaal, P\u00e4rnumaal, Saaremaal, Tartumaal ja\nV\u00f5rumaal.<\/p>\n\n\n\n<p>Tagamaks piirkonna elanikele sportlik-kultuurilisi\naktiivse puhkuse v\u00f5imalusi nii looduses kui ka&nbsp;\nkodulooga tutvumisel korraldab MT\u00dc Neeruti Selts pikki loodusretki Eesti\nloodus-kaunitesse paikadesse ning ajalugu tutvustavatesse paikadesse, nagu\nTallinna vanalinn ja muuseumid. \u00d5ppereisid on j\u00e4rjepidev omaalgatuse,\naktiivsuse, sotsiaalsete suhete ja koost\u00f6\u00f6 tugevdamise v\u00e4ljund, mis liidab\nmaakogukondi, loob lisandv\u00e4\u00e4rtusi ja sotsiaalseid suhteid, seob p\u00f5lvkondi,\nhoiab alal traditsioone. Pikkadele, 2 \u00f6\u00f6bimisega loodusretkele, v\u00f5etakse vastaval\ntreileril kaasa isiklikud jalgrattad, mis v\u00f5imaldavad erinevates paikades\nsuuremal maaalal ringi liikuda, seega rohkem elamusi saada ja rohkem kohaliku\nelanikkonnaga suhelda.<\/p>\n\n\n\n<p>&nbsp;<em>LEADER<\/em>-meede 3.2 toetatud\nprojekt 2016-2019<\/p>\n\n\n\n<p><em>MUUSEUMITUNDIDE JA M\u00d6\u00d6BLI RESTAUREERIMISE\n\u00d5PITUBADE<\/em><\/p>\n\n\n\n<p><em>KORRALDAMINE<\/em><\/p>\n\n\n\n<p>Projekti tegevused toimuvad Kadrina alevikus Pargi tn 3\nasuvas Neeruti Seltsi loodustoas,<\/p>\n\n\n\n<p>Kadrina valla administratiivalal asuvates\nv\u00e4ikemuuseumites, Kadrina Keskkooli poiste<\/p>\n\n\n\n<p>t\u00f6\u00f6\u00f5petuse ja tehnoloogia klassis.<\/p>\n\n\n\n<p>Tagamaks piirkonna elanikele kultuuriliselt aktiivse vaba\naja veetmise v\u00f5imalusi pakub<\/p>\n\n\n\n<p>Neeruti Selts muuhulgas ka mitmesuguseid temaatilisi\n\u00f5pitubasid. \u00dcks \u00fcldsusele huvi<\/p>\n\n\n\n<p>pakkuv teema on v\u00e4ikemuuseumid ja vanavara. 12 \u00f5pitoas\nmitmesuguse vanavaraga<\/p>\n\n\n\n<p>l\u00e4hemalt tutvumine ja selle juurde kuuluvate\ntegevuste\/eluviisi ellu\u00e4ratamine on seatud<\/p>\n\n\n\n<p>projekti eesm\u00e4rgiks \u00dcks \u00fcldsusele huvi pakkuv teema on ka\nvana m\u00f6\u00f6bel. Vana m\u00f6\u00f6bliga<\/p>\n\n\n\n<p>l\u00e4hemalt tutvumine ja selle restaureerimise juurde\nkuuluvate t\u00f6\u00f6v\u00f5tete \u00f5ppimine on seatud<\/p>\n\n\n\n<p>samuti projekti eesm\u00e4rgiks. Nendes tegevustes kasutatakse\nasjatundjatest lektorite ja<\/p>\n\n\n\n<p>juhendajate abi. See on j\u00e4rjepidev omaalgatuse,\naktiivsuse, sotsiaalsete suhete ja koost\u00f6\u00f6<\/p>\n\n\n\n<p>tugevdamise v\u00e4ljund, mis liidab inimesi\nkogukonnasiseselt, loob lisandv\u00e4\u00e4rtusi ja<\/p>\n\n\n\n<p>sotsiaalseid suhteid, seob p\u00f5lvkondi, hoiab alal\ntraditsioone. Erinevate lektorite kaudu<\/p>\n\n\n\n<p>\u00f5pitakse tundma muuseumide t\u00f6\u00f6korraldust ja talletatud\nvanavara ning v\u00e4\u00e4rtusi. Oskused<\/p>\n\n\n\n<p>antakse edasi p\u00f5lvkonnalt p\u00f5lvkonnale. P\u00f5lvkonnalt\np\u00f5lvkonnale kultuurip\u00e4randi<\/p>\n\n\n\n<p>tutvustamine on rahvakultuuri elushoidmise vorm. Lisandub\nka spetsiifiliste t\u00f6\u00f6riistade<\/p>\n\n\n\n<p>k\u00e4sitsemisoskus.<\/p>\n\n\n\n<p>Projektide lepinguline kaast\u00f6\u00f6partner on Kadrina vald,\nkes kindlustab tellitud transpordi kasutamise, tasuta ruumikasutuse Kadrina\nKeskkoolis ja Pargi tn 3 loodustoas.<\/p>\n\n\n\n<figure class=\"wp-block-image\"><img loading=\"lazy\" decoding=\"async\" width=\"1020\" height=\"332\" src=\"http:\/\/neerutiselts.ee\/wp-content\/uploads\/2019\/10\/leader2.jpg.png\" alt=\"\" class=\"wp-image-941\" srcset=\"https:\/\/neerutiselts.ee\/wp-content\/uploads\/2019\/10\/leader2.jpg.png 1020w, https:\/\/neerutiselts.ee\/wp-content\/uploads\/2019\/10\/leader2.jpg-300x98.png 300w, https:\/\/neerutiselts.ee\/wp-content\/uploads\/2019\/10\/leader2.jpg-768x250.png 768w, https:\/\/neerutiselts.ee\/wp-content\/uploads\/2019\/10\/leader2.jpg-400x130.png 400w, https:\/\/neerutiselts.ee\/wp-content\/uploads\/2019\/10\/leader2.jpg-800x260.png 800w\" sizes=\"auto, (max-width: 1020px) 100vw, 1020px\" \/><\/figure>\n","protected":false},"excerpt":{"rendered":"<p>Kaasrahastanud Euroopa Liit \u00dcritus Toimumisaeg Neeruti Seltsi ratturite seiklused Palver\u00e4nnuteel 18.-20. juulil 2025 LEADER projektitoetus 2023-2027 meede 2.2 Aktiivne ja tegus kogukond, MT\u00dc Arenduskoda, kohaliku tegevusr\u00fchma toetus Neeruti Seltsi projekti \u201eKultuurilooliste retkede, huvireiside ja \u00f5pitubade korraldamine\u201c eesm\u00e4rk on suunatud j\u00e4rgnevale tulemusele:\uf0b7 On loodud v\u00f5imalus vaimseks ja f\u00fc\u00fcsiliseks \u00fchistegevuseks ja suhtlemiseks erinevas vanuses osalejatele.\uf0b7 On jagatud&#8230;<\/p>\n","protected":false},"author":1,"featured_media":0,"parent":0,"menu_order":0,"comment_status":"closed","ping_status":"closed","template":"","meta":{"ngg_post_thumbnail":0,"footnotes":""},"class_list":["post-600","page","type-page","status-publish","hentry"],"_links":{"self":[{"href":"https:\/\/neerutiselts.ee\/index.php\/wp-json\/wp\/v2\/pages\/600","targetHints":{"allow":["GET"]}}],"collection":[{"href":"https:\/\/neerutiselts.ee\/index.php\/wp-json\/wp\/v2\/pages"}],"about":[{"href":"https:\/\/neerutiselts.ee\/index.php\/wp-json\/wp\/v2\/types\/page"}],"author":[{"embeddable":true,"href":"https:\/\/neerutiselts.ee\/index.php\/wp-json\/wp\/v2\/users\/1"}],"replies":[{"embeddable":true,"href":"https:\/\/neerutiselts.ee\/index.php\/wp-json\/wp\/v2\/comments?post=600"}],"version-history":[{"count":17,"href":"https:\/\/neerutiselts.ee\/index.php\/wp-json\/wp\/v2\/pages\/600\/revisions"}],"predecessor-version":[{"id":2546,"href":"https:\/\/neerutiselts.ee\/index.php\/wp-json\/wp\/v2\/pages\/600\/revisions\/2546"}],"wp:attachment":[{"href":"https:\/\/neerutiselts.ee\/index.php\/wp-json\/wp\/v2\/media?parent=600"}],"curies":[{"name":"wp","href":"https:\/\/api.w.org\/{rel}","templated":true}]}}