{"id":969,"date":"2020-01-13T11:27:21","date_gmt":"2020-01-13T09:27:21","guid":{"rendered":"http:\/\/neerutiselts.ee\/?page_id=969"},"modified":"2025-01-23T00:16:32","modified_gmt":"2025-01-22T22:16:32","slug":"huvitavat","status":"publish","type":"page","link":"https:\/\/neerutiselts.ee\/index.php\/huvitavat\/","title":{"rendered":"Tr\u00fckised"},"content":{"rendered":"\n<p><mark style=\"background-color:rgba(0, 0, 0, 0)\" class=\"has-inline-color has-black-color\"><a href=\"https:\/\/www.kadrina.ee\/documents\/20509048\/21002147\/Neeruti+Linnuatlas.pdf\/73dd8acf-e73f-4ea7-ae9a-c3598bde8ce5\" data-type=\"URL\" data-id=\"https:\/\/www.kadrina.ee\/documents\/20509048\/21002147\/Neeruti+Linnuatlas.pdf\/73dd8acf-e73f-4ea7-ae9a-c3598bde8ce5\">Neerutimaa Linnuatlas<\/a><\/mark><mark style=\"background-color:rgba(0, 0, 0, 0);color:#78ca31\" class=\"has-inline-color\"><a href=\"https:\/\/www.kadrina.ee\/documents\/20509048\/21002147\/Neeruti+Linnuatlas.pdf\/73dd8acf-e73f-4ea7-ae9a-c3598bde8ce5\" data-type=\"URL\" data-id=\"https:\/\/www.kadrina.ee\/documents\/20509048\/21002147\/Neeruti+Linnuatlas.pdf\/73dd8acf-e73f-4ea7-ae9a-c3598bde8ce5\"><br><\/a><\/mark><mark style=\"background-color:rgba(0, 0, 0, 0)\" class=\"has-inline-color has-black-color\">Marek Vahula<\/mark><\/p>\n\n\n\n<p>Sissejuhatuseks<\/p>\n\n\n\n<ol class=\"wp-block-list\" start=\"17\">\n<li>septembril 2001. aastal asutati MT\u00dc Neeruti Selts. Seltsi ideed oli juba pikki aastaid oma s\u00fcdames kandnud selle sisuline looja, t\u00e4naseks meie hulgast lahkunud seni esimene ja ainuke nn neerutoloog Enn Loik (1938-2003).<\/li>\n<\/ol>\n\n\n\n<p>Oma hingesoppidesse oli ta talletanud armastuse Neeruti vastu ja see oli vaja nii s\u00f5nas kui ka pildis avalikustada. Enn oli valmis muutma Neerutit ja selle l\u00e4hi\u00fcmbrust mahematkajate Mekaks. \u00d5ieti oli ta seda teinud omal k\u00e4el ja moel juba aastaid, et mitte \u00f6elda k\u00fcmneid. Otsekui aimates, v\u00f5imalik, et isegi ette teades oma peatset kaduvikkulahkumist, t\u00f5ttas ta ka selles suunas, et oma m\u00f5tted ja visioonid kasv\u00f5i tagasihoidlikumalgi viisil j\u00e4\u00e4dvustatud ja avaldatud saaksid. Nii n\u00e4gidki ilma- ja tr\u00fckivalgust Neeruti Seltsi tr\u00fckised &#8211; esimesed vihikud sarjast A-5.<\/p>\n\n\n\n<p>Algusaja metoodika ja oskused olid algelisemad kui praegu, mist\u00f5ttu toonaste vihikute kordustr\u00fckki \u00fcks-\u00fchele teha pole ei otstarbekas ega ajakohane. Ometi on s\u00e4ilinud vajadus alles hoida nii Ennu kui ka teiste kirjutanute v\u00e4ljendusviis ning teave, mis sellesse p\u00f5imitud.<\/p>\n\n\n\n<p>K\u00e4esolev koondvihik h\u00f5lmab just esimesi ja\/v\u00f5i veel avaldamata materjale. Kui algul sisaldas iga vihik ka skeem-kaarte, siis siit need puuduvad. P\u00f5hjus on \u00fcsnagi lihtne: kaart j\u00e4\u00e4b nimede ja objektide jaoks lihtsalt v\u00e4ikeseks. Pealegi &#8211; kui k\u00f5ik on kaardina silme ees, kaob m\u00f5te elava retkejuhi j\u00e4rele. Aga elus asi on ikka parim. Sellega oleks ka Enn Loik n\u00f5us olnud.<\/p>\n\n\n\n<p>Ehk \u00e4rgitab siinnegi tr\u00fckis\u00f5na huvilisi oma silma kuninglikkust kinnitama.<\/p>\n\n\n\n<p>Lugupidamisega Neeruti Selts<\/p>\n\n\n\n<p><\/p>\n\n\n\n<p><strong>Tr\u00fckised<\/strong><\/p>\n\n\n\n<p>A-501, A-502, A.-503, A.-504 ja A-519 on koos loetavad koondtr\u00fckises A-537.<\/p>\n\n\n\n<figure class=\"wp-block-table is-style-stripes\"><table class=\"has-black-color has-electric-grass-gradient-background has-text-color has-background\"><tbody><tr><td><strong>Number<\/strong><\/td><td><strong>Pealkiri<\/strong><\/td><td><strong>Aasta<\/strong><\/td><\/tr><tr><td>A-506<\/td><td><a href=\"https:\/\/neerutiselts.ee\/wp-content\/uploads\/2023\/12\/A-506-Neeruti-kandi-saunad-ja-saunakulad-1.pdf\" data-type=\"URL\" data-id=\"https:\/\/neerutiselts.ee\/wp-content\/uploads\/2023\/12\/A-506-Neeruti-kandi-saunad-ja-saunakulad-1.pdf\">Neeruti kandi saunad ja saunak\u00fclad<\/a><\/td><td>2006<\/td><\/tr><tr><td>A-507<\/td><td><a href=\"https:\/\/neerutiselts.ee\/wp-content\/uploads\/2023\/12\/A-507-Kadrina-kirik-1.pdf\" data-type=\"URL\" data-id=\"https:\/\/neerutiselts.ee\/wp-content\/uploads\/2023\/12\/A-507-Kadrina-kirik-1.pdf\">Kadrina kirik \/ Church in Kadrina<\/a><\/td><td>2002<\/td><\/tr><tr><td>A-508<\/td><td><a href=\"https:\/\/neerutiselts.ee\/wp-content\/uploads\/2023\/12\/A-508-Kadrina-kooli-lugu_compressed-1.pdf\" data-type=\"URL\" data-id=\"https:\/\/neerutiselts.ee\/wp-content\/uploads\/2023\/12\/A-508-Kadrina-kooli-lugu_compressed-1.pdf\">Kadrina kooli lugu<\/a><\/td><td>2002<\/td><\/tr><tr><td>A-509<\/td><td><a href=\"https:\/\/neerutiselts.ee\/wp-content\/uploads\/2023\/12\/A-509-Neeruti-apteek-alati-ja-koigile-1.pdf\" data-type=\"URL\" data-id=\"https:\/\/neerutiselts.ee\/wp-content\/uploads\/2023\/12\/A-509-Neeruti-apteek-alati-ja-koigile-1.pdf\">Neeruti, apteek alati ja k\u00f5igile<\/a><\/td><td>2002<\/td><\/tr><tr><td>A-510<\/td><td><a href=\"https:\/\/neerutiselts.ee\/wp-content\/uploads\/2023\/12\/A-510-Ristamae-talgurada-1.pdf\" data-type=\"URL\" data-id=\"https:\/\/neerutiselts.ee\/wp-content\/uploads\/2023\/12\/A-510-Ristamae-talgurada-1.pdf\">Ristam\u00e4e talgurada 2001\/2002<\/a><\/td><td>2002<\/td><\/tr><tr><td>A-5010<\/td><td><a href=\"https:\/\/neerutiselts.ee\/wp-content\/uploads\/2023\/12\/Pildivihiku-tekstid.pdf\" data-type=\"URL\" data-id=\"https:\/\/neerutiselts.ee\/wp-content\/uploads\/2023\/12\/Pildivihiku-tekstid.pdf\">Nii oli&#8230;ja nii on&#8230; (Pildivihik)<\/a><br><a href=\"https:\/\/flic.kr\/s\/aHBqjB7wTq\" data-type=\"URL\" data-id=\"https:\/\/flic.kr\/s\/aHBqjB7wTq\">Pildivihiku fotod<\/a><\/td><td>2002<\/td><\/tr><tr><td>A-511<\/td><td><a href=\"https:\/\/neerutiselts.ee\/wp-content\/uploads\/2023\/12\/A-511-Kadrina-hobulaenutuspunktist-MTJ-st-ja-EPT-st-%E2%80%93-koopia_compressed.pdf\" data-type=\"URL\" data-id=\"https:\/\/neerutiselts.ee\/wp-content\/uploads\/2023\/12\/A-511-Kadrina-hobulaenutuspunktist-MTJ-st-ja-EPT-st-%E2%80%93-koopia_compressed.pdf\">Kadrina hobulaenutuspunktist, MTJ-st ja EPT-st<\/a><\/td><td>2002<\/td><\/tr><tr><td>A-512<\/td><td><a href=\"https:\/\/neerutiselts.ee\/wp-content\/uploads\/2023\/12\/A-512-Kadrina-tarklise-ja-siirupivabriku-ajaloost_compressed.pdf\" data-type=\"URL\" data-id=\"https:\/\/neerutiselts.ee\/wp-content\/uploads\/2023\/12\/A-512-Kadrina-tarklise-ja-siirupivabriku-ajaloost_compressed.pdf\">Kadrina T\u00e4rklise- ja Siirupivabriku ajaloost<\/a><\/td><td>2002<\/td><\/tr><tr><td>A-513<\/td><td><a href=\"https:\/\/neerutiselts.ee\/wp-content\/uploads\/2023\/12\/A-513-Udukula-lood-Vaike-Neerutist-1.pdf\" data-type=\"URL\" data-id=\"https:\/\/neerutiselts.ee\/wp-content\/uploads\/2023\/12\/A-513-Udukula-lood-Vaike-Neerutist-1.pdf\">Uduk\u00fcla lood V\u00e4ike-Neerutist<\/a><\/td><td>2003<\/td><\/tr><tr><td>A-514<\/td><td><a href=\"https:\/\/neerutiselts.ee\/wp-content\/uploads\/2023\/12\/A-514-Kirjanduslikke-seiku-Kadrina-kandist-1.pdf\" data-type=\"URL\" data-id=\"https:\/\/neerutiselts.ee\/wp-content\/uploads\/2023\/12\/A-514-Kirjanduslikke-seiku-Kadrina-kandist-1.pdf\">Kirjanduslikke seiku Kadrina kandist<\/a><\/td><td>2003<\/td><\/tr><tr><td>A-515<\/td><td><a href=\"https:\/\/neerutiselts.ee\/wp-content\/uploads\/2023\/12\/A-515-Loobu-jogikonna-vesiveskitest_compressed.pdf\" data-type=\"URL\" data-id=\"https:\/\/neerutiselts.ee\/wp-content\/uploads\/2023\/12\/A-515-Loobu-jogikonna-vesiveskitest_compressed.pdf\">Loobu j\u00f5gikonna vesiveskitest<\/a><\/td><td>2005<\/td><\/tr><tr><td>A-516<\/td><td><a href=\"https:\/\/neerutiselts.ee\/wp-content\/uploads\/2023\/12\/A-516-Kadrina-haigla-algusaastad-1.pdf\" data-type=\"URL\" data-id=\"https:\/\/neerutiselts.ee\/wp-content\/uploads\/2023\/12\/A-516-Kadrina-haigla-algusaastad-1.pdf\">Kadrina haigla algusaastad<\/a><\/td><td>2003<\/td><\/tr><tr><td>A-517<\/td><td><a href=\"https:\/\/neerutiselts.ee\/wp-content\/uploads\/2023\/12\/A-517-Juri-Balder-silmapaistev-kaupmees-ja-uhiskonnategelane-Kadrinas-1.pdf\" data-type=\"URL\" data-id=\"https:\/\/neerutiselts.ee\/wp-content\/uploads\/2023\/12\/A-517-Juri-Balder-silmapaistev-kaupmees-ja-uhiskonnategelane-Kadrinas-1.pdf\">J\u00fcri Balder &#8211; silmapaistev kaupmees ja \u00fchiskonnategelane Kadrinas<\/a><\/td><td>2002<\/td><\/tr><tr><td>A-518<\/td><td><a href=\"https:\/\/neerutiselts.ee\/wp-content\/uploads\/2023\/12\/A-518-Udu-Lauljate-Ringist-Udu-Laulu-Muusika-Ringini-2.pdf\" data-type=\"URL\" data-id=\"https:\/\/neerutiselts.ee\/wp-content\/uploads\/2023\/12\/A-518-Udu-Lauljate-Ringist-Udu-Laulu-Muusika-Ringini-2.pdf\">Udu Lauljate Ringist Udu Laulu-Muusika Ringini<\/a><\/td><td>2003<\/td><\/tr><tr><td>A-520<\/td><td><a href=\"https:\/\/neerutiselts.ee\/wp-content\/uploads\/2023\/12\/A-520-Sepad-Kadrina-kandis_compressed.pdf\" data-type=\"URL\" data-id=\"https:\/\/neerutiselts.ee\/wp-content\/uploads\/2023\/12\/A-520-Sepad-Kadrina-kandis_compressed.pdf\">Sepad Kadrina kandis<\/a><\/td><td>2003<\/td><\/tr><tr><td>A-521<\/td><td><a href=\"https:\/\/neerutiselts.ee\/wp-content\/uploads\/2023\/12\/A-521-100aastane-Kadrina-apteek_compressed.pdf\" data-type=\"URL\" data-id=\"https:\/\/neerutiselts.ee\/wp-content\/uploads\/2023\/12\/A-521-100aastane-Kadrina-apteek_compressed.pdf\">100-aastane Kadrina apteek<\/a><\/td><td>2006<\/td><\/tr><tr><td>A-523<\/td><td><a href=\"https:\/\/neerutiselts.ee\/wp-content\/uploads\/2023\/12\/A-523-Praost-Henn-Unt-23.-Kadrina-kirikuopetajate-vaarikas-reas_compressed-1.pdf\" data-type=\"URL\" data-id=\"https:\/\/neerutiselts.ee\/wp-content\/uploads\/2023\/12\/A-523-Praost-Henn-Unt-23.-Kadrina-kirikuopetajate-vaarikas-reas_compressed-1.pdf\">Praost Henn Unt, 23. Kadrina kiriku\u00f5petajate v\u00e4\u00e4rikas reas<\/a><\/td><td>2003<\/td><\/tr><tr><td>A-524<\/td><td><a href=\"https:\/\/neerutiselts.ee\/wp-content\/uploads\/2023\/12\/A-524-Meenutus-70-aasta-tagusest-laulupaevast.pdf\" data-type=\"URL\" data-id=\"https:\/\/neerutiselts.ee\/wp-content\/uploads\/2023\/12\/A-524-Meenutus-70-aasta-tagusest-laulupaevast.pdf\">Meenutus 70 aasta tagusest laulup\u00e4evast<\/a><\/td><td>2003<\/td><\/tr><tr><td>A-525<\/td><td><a href=\"https:\/\/neerutiselts.ee\/wp-content\/uploads\/2023\/12\/A-525-Lauluisa-sunnipaiga-lugu.pdf\" data-type=\"URL\" data-id=\"https:\/\/neerutiselts.ee\/wp-content\/uploads\/2023\/12\/A-525-Lauluisa-sunnipaiga-lugu.pdf\">Lauluisa s\u00fcnnipaiga lugu<\/a><\/td><td>2003<\/td><\/tr><tr><td>A-526<\/td><td><a href=\"https:\/\/neerutiselts.ee\/wp-content\/uploads\/2023\/12\/A-526-Kreuzwaldi-suguvosa-sugupuu.pdf\" data-type=\"URL\" data-id=\"https:\/\/neerutiselts.ee\/wp-content\/uploads\/2023\/12\/A-526-Kreuzwaldi-suguvosa-sugupuu.pdf\">Kreutzwaldi suguv\u00f5sa juured<\/a><\/td><td>2003<\/td><\/tr><tr><td>A-527<\/td><td><a href=\"https:\/\/neerutiselts.ee\/wp-content\/uploads\/2023\/12\/A-527-Malestuskalju-Kadrinas_compressed.pdf\" data-type=\"URL\" data-id=\"https:\/\/neerutiselts.ee\/wp-content\/uploads\/2023\/12\/A-527-Malestuskalju-Kadrinas_compressed.pdf\">M\u00e4lestuskalju Kadrinas<\/a><\/td><td>2006<\/td><\/tr><tr><td>A-528<\/td><td><a href=\"https:\/\/neerutiselts.ee\/wp-content\/uploads\/2023\/12\/A-528-Kadrina-Tarvitajate-Uhisusest-Tarbijate-Kooperatiivini_compressed.pdf\" data-type=\"URL\" data-id=\"https:\/\/neerutiselts.ee\/wp-content\/uploads\/2023\/12\/A-528-Kadrina-Tarvitajate-Uhisusest-Tarbijate-Kooperatiivini_compressed.pdf\">Kadrina Tarvitajate \u00dchisusest Tarbijate Kooperatiivini<\/a><\/td><td>2006<\/td><\/tr><tr><td>A-529<\/td><td><a href=\"https:\/\/neerutiselts.ee\/wp-content\/uploads\/2023\/12\/A-529-Neeruti-mu-arm.pdf\" data-type=\"URL\" data-id=\"https:\/\/neerutiselts.ee\/wp-content\/uploads\/2023\/12\/A-529-Neeruti-mu-arm.pdf\">Neeruti &#8211; mu arm<\/a><\/td><td>2003<\/td><\/tr><tr><td>A-530<\/td><td><a href=\"https:\/\/neerutiselts.ee\/wp-content\/uploads\/2023\/12\/A-530-Enn-Loik-sunnilt-neerutoloog_compressed.pdf\" data-type=\"URL\" data-id=\"https:\/\/neerutiselts.ee\/wp-content\/uploads\/2023\/12\/A-530-Enn-Loik-sunnilt-neerutoloog_compressed.pdf\">Enn Loik &#8211; s\u00fcnnilt neerutoloog<\/a><\/td><td>2003<\/td><\/tr><tr><td>A-531<\/td><td><a href=\"https:\/\/neerutiselts.ee\/wp-content\/uploads\/2023\/12\/A-531-Monda-Kadrina-kalmistult-kaas-ja-lisad_compressed.pdf\" data-type=\"URL\" data-id=\"https:\/\/neerutiselts.ee\/wp-content\/uploads\/2023\/12\/A-531-Monda-Kadrina-kalmistult-kaas-ja-lisad_compressed.pdf\">M\u00f5nda Kadrina kalmistult<\/a><\/td><td>2004<\/td><\/tr><tr><td>A-532<\/td><td><a href=\"https:\/\/neerutiselts.ee\/wp-content\/uploads\/2023\/12\/A-532-Aida-Vidri-vaadandus_compressed.pdf\" data-type=\"URL\" data-id=\"https:\/\/neerutiselts.ee\/wp-content\/uploads\/2023\/12\/A-532-Aida-Vidri-vaadandus_compressed.pdf\">Aida-Vidri vaadandus<\/a><\/td><td>2004<\/td><\/tr><tr><td>A-533<\/td><td><a href=\"https:\/\/neerutiselts.ee\/wp-content\/uploads\/2023\/12\/A-533-Osmo-haigus.pdf\" data-type=\"URL\" data-id=\"https:\/\/neerutiselts.ee\/wp-content\/uploads\/2023\/12\/A-533-Osmo-haigus.pdf\">Osmo haigus<\/a><\/td><td>2004<\/td><\/tr><tr><td>A-534<\/td><td><a href=\"https:\/\/neerutiselts.ee\/wp-content\/uploads\/2023\/12\/A-534-Praost-Gustav-Beermann-Kadrina-pastor-aastail-1919-1941_compressed.pdf\" data-type=\"URL\" data-id=\"https:\/\/neerutiselts.ee\/wp-content\/uploads\/2023\/12\/A-534-Praost-Gustav-Beermann-Kadrina-pastor-aastail-1919-1941_compressed.pdf\">Praost Gustav Beermann<\/a><\/td><td>2004<\/td><\/tr><tr><td>A-535<\/td><td><a href=\"https:\/\/neerutiselts.ee\/wp-content\/uploads\/2023\/12\/A-535-Labi-kultuuriloolise-Kadrina_compressed.pdf\" data-type=\"URL\" data-id=\"https:\/\/neerutiselts.ee\/wp-content\/uploads\/2023\/12\/A-535-Labi-kultuuriloolise-Kadrina_compressed.pdf\">L\u00e4bi kultuuriloolise Kadrina<\/a><\/td><td>2004<\/td><\/tr><tr><td>A-536<\/td><td><a href=\"https:\/\/neerutiselts.ee\/wp-content\/uploads\/2023\/12\/A-536-Kadrina-rahvamaja-labi-75-aasta_compressed.pdf\" data-type=\"URL\" data-id=\"https:\/\/neerutiselts.ee\/wp-content\/uploads\/2023\/12\/A-536-Kadrina-rahvamaja-labi-75-aasta_compressed.pdf\">Kadrina rahvamaja l\u00e4bi 75 aasta<\/a><\/td><td>2005<\/td><\/tr><tr><td>A-537<\/td><td><a href=\"https:\/\/neerutiselts.ee\/wp-content\/uploads\/2023\/12\/A-537-Neeruti-nii-muistne-ja-nii-tanapaevane-randaja-room_compressed.pdf\" data-type=\"URL\" data-id=\"https:\/\/neerutiselts.ee\/wp-content\/uploads\/2023\/12\/A-537-Neeruti-nii-muistne-ja-nii-tanapaevane-randaja-room_compressed.pdf\">Neeruti &#8211; nii muistne ja nii t\u00e4nap\u00e4evane r\u00e4ndaja r\u00f5\u00f5m<\/a><\/td><td>2005<\/td><\/tr><tr><td>A-538<\/td><td><a href=\"https:\/\/neerutiselts.ee\/wp-content\/uploads\/2023\/12\/A-538-Neli-lugu_compressed.pdf\" data-type=\"URL\" data-id=\"https:\/\/neerutiselts.ee\/wp-content\/uploads\/2023\/12\/A-538-Neli-lugu_compressed.pdf\">Neli lugu<\/a><\/td><td>2007<\/td><\/tr><tr><td>A-539<\/td><td><a href=\"https:\/\/neerutiselts.ee\/wp-content\/uploads\/2023\/12\/A-539-Piimandusest-Kadrina-kandis_compressed.pdf\" data-type=\"URL\" data-id=\"https:\/\/neerutiselts.ee\/wp-content\/uploads\/2023\/12\/A-539-Piimandusest-Kadrina-kandis_compressed.pdf\">Piimandusest Kadrina kandis<\/a><\/td><td>2007<\/td><\/tr><tr><td>A-540<\/td><td><a href=\"https:\/\/neerutiselts.ee\/wp-content\/uploads\/2023\/12\/A-540-Neeruti-kooli-ajaloost_compressed.pdf\" data-type=\"URL\" data-id=\"https:\/\/neerutiselts.ee\/wp-content\/uploads\/2023\/12\/A-540-Neeruti-kooli-ajaloost_compressed.pdf\">Neeruti kooli ajaloost<\/a><\/td><td>2008<\/td><\/tr><tr><td>A-541<\/td><td><a href=\"https:\/\/neerutiselts.ee\/wp-content\/uploads\/2023\/12\/A-541-UENU-orkester-Kadrinas_compressed.pdf\" data-type=\"URL\" data-id=\"https:\/\/neerutiselts.ee\/wp-content\/uploads\/2023\/12\/A-541-UENU-orkester-Kadrinas_compressed.pdf\">\u00dcEN\u00dc orkester Kadrinas<\/a><\/td><td>2009<\/td><\/tr><tr><td>A-542<\/td><td><a href=\"https:\/\/neerutiselts.ee\/wp-content\/uploads\/2023\/12\/A-542-Sahtli-pohjast.pdf\" data-type=\"URL\" data-id=\"https:\/\/neerutiselts.ee\/wp-content\/uploads\/2023\/12\/A-542-Sahtli-pohjast.pdf\">Sahtli p\u00f5hjast<\/a><\/td><td>2009<\/td><\/tr><tr><td>A-543<\/td><td><a href=\"https:\/\/neerutiselts.ee\/wp-content\/uploads\/2023\/12\/A-543-Udriku-muusika-seltsist-Kadrina-pasunakoorini_compressed.pdf\" data-type=\"URL\" data-id=\"https:\/\/neerutiselts.ee\/wp-content\/uploads\/2023\/12\/A-543-Udriku-muusika-seltsist-Kadrina-pasunakoorini_compressed.pdf\">Udriku Muusika Seltsist Kadrina Pasunakoorini<\/a><\/td><td>2009<\/td><\/tr><tr><td>A-544<\/td><td><a href=\"https:\/\/neerutiselts.ee\/wp-content\/uploads\/2023\/12\/A-544-Malestuskilde-Viitnalt.pdf\" data-type=\"URL\" data-id=\"https:\/\/neerutiselts.ee\/wp-content\/uploads\/2023\/12\/A-544-Malestuskilde-Viitnalt.pdf\">M\u00e4lestuskilde Viitnalt<\/a><\/td><td>2015<\/td><\/tr><tr><td>A-545<\/td><td><a href=\"https:\/\/neerutiselts.ee\/wp-content\/uploads\/2023\/12\/A-545-Mees-mondaverest.pdf\" data-type=\"URL\" data-id=\"https:\/\/neerutiselts.ee\/wp-content\/uploads\/2023\/12\/A-545-Mees-mondaverest.pdf\">Mees M\u00f5ndaverest<\/a><\/td><td>2017<\/td><\/tr><tr><td>A-546<\/td><td><a href=\"https:\/\/neerutiselts.ee\/wp-content\/uploads\/2023\/12\/A-546-2.pdf\" data-type=\"URL\" data-id=\"https:\/\/neerutiselts.ee\/wp-content\/uploads\/2023\/12\/A-546-2.pdf\">Oli aasta 2003 &#8211; Kreutzwaldi aasta<\/a><\/td><td>2023<\/td><\/tr><\/tbody><\/table><\/figure>\n","protected":false},"excerpt":{"rendered":"<p>Neerutimaa LinnuatlasMarek Vahula Sissejuhatuseks Oma hingesoppidesse oli ta talletanud armastuse Neeruti vastu ja see oli vaja nii s\u00f5nas kui ka pildis avalikustada. Enn oli valmis muutma Neerutit ja selle l\u00e4hi\u00fcmbrust mahematkajate Mekaks. \u00d5ieti oli ta seda teinud omal k\u00e4el ja moel juba aastaid, et mitte \u00f6elda k\u00fcmneid. Otsekui aimates, v\u00f5imalik, et isegi ette teades oma&#8230;<\/p>\n","protected":false},"author":1,"featured_media":0,"parent":0,"menu_order":0,"comment_status":"closed","ping_status":"closed","template":"","meta":{"ngg_post_thumbnail":0,"footnotes":""},"class_list":["post-969","page","type-page","status-publish","hentry"],"_links":{"self":[{"href":"https:\/\/neerutiselts.ee\/index.php\/wp-json\/wp\/v2\/pages\/969","targetHints":{"allow":["GET"]}}],"collection":[{"href":"https:\/\/neerutiselts.ee\/index.php\/wp-json\/wp\/v2\/pages"}],"about":[{"href":"https:\/\/neerutiselts.ee\/index.php\/wp-json\/wp\/v2\/types\/page"}],"author":[{"embeddable":true,"href":"https:\/\/neerutiselts.ee\/index.php\/wp-json\/wp\/v2\/users\/1"}],"replies":[{"embeddable":true,"href":"https:\/\/neerutiselts.ee\/index.php\/wp-json\/wp\/v2\/comments?post=969"}],"version-history":[{"count":46,"href":"https:\/\/neerutiselts.ee\/index.php\/wp-json\/wp\/v2\/pages\/969\/revisions"}],"predecessor-version":[{"id":2158,"href":"https:\/\/neerutiselts.ee\/index.php\/wp-json\/wp\/v2\/pages\/969\/revisions\/2158"}],"wp:attachment":[{"href":"https:\/\/neerutiselts.ee\/index.php\/wp-json\/wp\/v2\/media?parent=969"}],"curies":[{"name":"wp","href":"https:\/\/api.w.org\/{rel}","templated":true}]}}